{"id":12113,"date":"2022-04-20T10:10:21","date_gmt":"2022-04-20T08:10:21","guid":{"rendered":"https:\/\/ehopi.pl\/?page_id=12113"},"modified":"2024-10-29T19:16:21","modified_gmt":"2024-10-29T18:16:21","slug":"kontakt","status":"publish","type":"page","link":"https:\/\/ehopi.pl\/en\/contact\/","title":{"rendered":"Contact"},"content":{"rendered":"<div class=\"wpb-content-wrapper\"><p>[vc_section css=&#8221;.vc_custom_1650442033933{margin-top: 200px !important;margin-bottom: 100px !important;}&#8221;][vc_row][vc_column width=&#8221;5\/12&#8243;]<div id=\"ins-heading-69e6613d5c5a7\" class=\"inv-section-heading-wrapper text-left position-relative  \"><div class=\"inv-section-heading-title padding-15px-bottom\"><h1 style=\"color: #343434\"  class=\"ins-section-heading-title-inner no-margin  font-weight-700\"><strong>Welcome<\/strong> to contact us!<\/h1><\/div><\/div><script type=\"text\/javascript\">\n\t\t(function(jQuery) {jQuery(\"head\").append(\"<style>#ins-heading-69e6613d5c5a7 .ins-section-heading-title-inner {font-size: 44px; line-height:54px;}<\/style>\")\n\t\t\t\t\t})(jQuery);\n\t\t\t\t\t\t<\/script>[\/vc_column][vc_column width=&#8221;7\/12&#8243;][vc_column_text css=&#8221;&#8221;]Contact us via a contact form, write us an email or call us. We will be happy to find just the right solution for your business needs.<\/p>\n<p>[\/vc_column_text][\/vc_column][\/vc_row][\/vc_section][vc_section full_width=&#8221;stretch_row&#8221; css=&#8221;.vc_custom_1650457988680{margin-bottom: 100px !important;background-image: url(https:\/\/ehopi.pl\/wp-content\/uploads\/2022\/04\/kontakt.jpg?id=12114) !important;background-position: center !important;background-repeat: no-repeat !important;background-size: cover !important;}&#8221;][vc_row][vc_column][vc_empty_space height=&#8221;400&#8243;][\/vc_column][\/vc_row][\/vc_section][vc_section css=&#8221;.vc_custom_1730225477481{margin-bottom: 70px !important;background-color: #FFFFFF !important;}&#8221;][vc_row css=&#8221;.vc_custom_1729244047603{margin-bottom: 15px !important;}&#8221;][vc_column]<div id=\"ins-heading-69e6613d5c5b6\" class=\"inv-section-heading-wrapper text-left position-relative  \"><div class=\"inv-section-heading-title padding-15px-bottom\"><h2 style=\"color: #343434\"  class=\"ins-section-heading-title-inner no-margin  font-weight-700\"><strong>What is the reason for your contact?<\/strong><\/h2><\/div><\/div><script type=\"text\/javascript\">\n\t\t(function(jQuery) {jQuery(\"head\").append(\"<style>#ins-heading-69e6613d5c5b6 .ins-section-heading-title-inner {font-size: 24px; line-height:34px;}<\/style>\")\n\t\t\t\t\t})(jQuery);\n\t\t\t\t\t\t<\/script>[\/vc_column][\/vc_row][vc_row el_class=&#8221;contact__contact-section contact__action-row&#8221;][vc_column width=&#8221;3\/12&#8243; el_class=&#8221;button-row&#8221;][vc_btn title=&#8221;Wsp\u00f3\u0142praca&#8221; link=&#8221;url:%23%23&#8243; el_class=&#8221;wspolpraca-button&#8221;][vc_btn title=&#8221;praca \/ rekrutacja&#8221; link=&#8221;url:%23%23&#8243; el_class=&#8221;praca-button&#8221;][\/vc_column][vc_column width=&#8221;3\/12&#8243; el_class=&#8221;hidden-info-column&#8221;][vc_column_text css=&#8221;&#8221; el_class=&#8221;wspolpraca-div&#8221;]Cooperation<br \/>\n<strong>Anna Czy\u017cewska<\/strong><br \/>\n<a href=\"tel:+48724882800\">724 882 800<\/a><br \/>\n<a href=\"mailto:aczyzewska@hopipl.pl\">aczyzewska@hopipl.pl<\/a>[\/vc_column_text][vc_column_text css=&#8221;&#8221; el_class=&#8221;hr-div&#8221;]<span class=\"section-small-title\">work \/ recruitment<\/span><br \/>\n<a href=\"mailto:hr@hopipl.pl\">hr@hopipl.pl<\/a>[\/vc_column_text][\/vc_column][vc_column width=&#8221;3\/12&#8243; el_class=&#8221;contact__first-text-row&#8221;][vc_column_text]<strong>HOPI PL Sp. z o.o.<\/strong><br \/>\nul. Marcina Kasprzaka 29A\/917<br \/>\n01-234 Warszawa[\/vc_column_text][\/vc_column][vc_column width=&#8221;3\/12&#8243;][vc_column_text css=&#8221;&#8221;]<strong>HEAD OFFICE and Warehouse:<\/strong><br \/>\nul. Magazynowa 4<br \/>\n96-320 Mszczon\u00f3w[\/vc_column_text][\/vc_column][\/vc_row][\/vc_section][vc_section full_width=&#8221;stretch_row&#8221; css=&#8221;.vc_custom_1730225696908{padding-top: 0px !important;padding-bottom: 100px !important;background-color: #FFFFFF !important;}&#8221;][vc_row el_class=&#8221;contact__contact-form_column&#8221;][vc_column]<div id=\"ins-heading-69e6613d5c5c0\" class=\"inv-section-heading-wrapper text-left position-relative  \"><div class=\"inv-section-heading-title padding-15px-bottom\"><h2 style=\"color: #343434\"  class=\"ins-section-heading-title-inner no-margin  font-weight-700\">Send a message:<\/h2><\/div><\/div><script type=\"text\/javascript\">\n\t\t(function(jQuery) {jQuery(\"head\").append(\"<style>#ins-heading-69e6613d5c5c0 .ins-section-heading-title-inner {font-size: 24px; line-height:34px;}<\/style>\")\n\t\t\t\t\t})(jQuery);\n\t\t\t\t\t\t<\/script>\n<div class=\"wpcf7 no-js\" id=\"wpcf7-f12327-o1\" lang=\"pl-PL\" dir=\"ltr\" data-wpcf7-id=\"12327\">\n<div class=\"screen-reader-response\"><p role=\"status\" aria-live=\"polite\" aria-atomic=\"true\"><\/p> <ul><\/ul><\/div>\n<form action=\"\/en\/wp-json\/wp\/v2\/pages\/12113#wpcf7-f12327-o1\" method=\"post\" class=\"wpcf7-form init\" aria-label=\"Formularz kontaktowy\" novalidate=\"novalidate\" data-status=\"init\">\n<fieldset class=\"hidden-fields-container\"><input type=\"hidden\" name=\"_wpcf7\" value=\"12327\" \/><input type=\"hidden\" name=\"_wpcf7_version\" value=\"6.1.4\" \/><input type=\"hidden\" name=\"_wpcf7_locale\" value=\"pl_PL\" \/><input type=\"hidden\" name=\"_wpcf7_unit_tag\" value=\"wpcf7-f12327-o1\" \/><input type=\"hidden\" name=\"_wpcf7_container_post\" value=\"0\" \/><input type=\"hidden\" name=\"_wpcf7_posted_data_hash\" value=\"\" \/><input type=\"hidden\" name=\"_wpcf7_recaptcha_response\" value=\"\" \/>\n<\/fieldset>\n<div class=\"contact-page-form\">\n\t<div class=\"contact-page-form__row\">\n\t\t<p><label> Tw\u00f3j email<br \/>\n<span class=\"wpcf7-form-control-wrap\" data-name=\"your-email\"><input size=\"40\" maxlength=\"400\" class=\"wpcf7-form-control wpcf7-email wpcf7-validates-as-required wpcf7-text wpcf7-validates-as-email\" aria-required=\"true\" aria-invalid=\"false\" placeholder=\"Wpisz sw\u00f3j mail\" value=\"\" type=\"email\" name=\"your-email\" \/><\/span> <\/label>\n\t\t<\/p>\n\t<\/div>\n\t<div class=\"contact-page-form__row\">\n\t\t<p><label> Wiadomo\u015b\u0107<br \/>\n<span class=\"wpcf7-form-control-wrap\" data-name=\"your-message\"><textarea cols=\"40\" rows=\"10\" maxlength=\"2000\" class=\"wpcf7-form-control wpcf7-textarea\" aria-invalid=\"false\" placeholder=\"Napisz wiadomo\u015b\u0107\" name=\"your-message\"><\/textarea><\/span> <\/label>\n\t\t<\/p>\n\t<\/div>\n\t<div class=\"contact-page-form__row contact-page-form__button-row\">\n\t\t<p><span class=\"default-button\"><input class=\"wpcf7-form-control wpcf7-submit has-spinner\" type=\"submit\" value=\"Wy\u015blij\" \/><\/span><br \/>\n<span class=\"wpcf7-form-control-wrap\" data-name=\"acceptance-92\"><span class=\"wpcf7-form-control wpcf7-acceptance\"><span class=\"wpcf7-list-item\"><label><input type=\"checkbox\" name=\"acceptance-92\" value=\"1\" aria-invalid=\"false\" \/><span class=\"wpcf7-list-item-label\">O\u015bwiadczam i\u017c zapozna\u0142em si\u0119 z <a href=\"https:\/\/ehopi.pl\/polityka-prywatnosci\/\">Polityk\u0105 Prywatno\u015bci<\/a> i akceptuj\u0119 jej postanowienia.<\/span><\/label><\/span><\/span><\/span>\n\t\t<\/p>\n\t<\/div>\n<\/div><input type='hidden' class='wpcf7-pum' value='{\"closepopup\":false,\"closedelay\":0,\"openpopup\":false,\"openpopup_id\":0}' \/><div class=\"wpcf7-response-output\" aria-hidden=\"true\"><\/div>\n<\/form>\n<\/div>\n[\/vc_column][\/vc_row][\/vc_section]<\/p>\n<\/div>","protected":false},"excerpt":{"rendered":"<p>[vc_section css=&#8221;.vc_custom_1650442033933{margin-top: 200px !important;margin-bottom: 100px !important;}&#8221;][vc_row][vc_column width=&#8221;5\/12&#8243;][\/vc_column][vc_column width=&#8221;7\/12&#8243;][vc_column_text css=&#8221;&#8221;]Contact us via a contact form, write us an email or call us. We will be happy [&hellip;]<\/p>\n","protected":false},"author":6,"featured_media":0,"parent":0,"menu_order":0,"comment_status":"closed","ping_status":"closed","template":"","meta":{"inline_featured_image":false,"footnotes":""},"class_list":["post-12113","page","type-page","status-publish","hentry"],"translation":{"provider":"WPGlobus","version":"3.0.1","language":"en","enabled_languages":["pl","en"],"languages":{"pl":{"title":true,"content":true,"excerpt":false},"en":{"title":true,"content":true,"excerpt":false}}},"yoast_head":"<!-- This site is optimized with the Yoast SEO plugin v26.8 - https:\/\/yoast.com\/product\/yoast-seo-wordpress\/ -->\n<title>Contact - eHopi<\/title>\n<meta name=\"robots\" content=\"index, follow, max-snippet:-1, max-image-preview:large, max-video-preview:-1\" \/>\n<link rel=\"canonical\" href=\"https:\/\/ehopi.pl\/kontakt\/\" \/>\n<meta property=\"og:locale\" content=\"en_US\" \/>\n<meta property=\"og:type\" content=\"article\" \/>\n<meta property=\"og:title\" content=\"Contact - eHopi\" \/>\n<meta property=\"og:url\" content=\"https:\/\/ehopi.pl\/kontakt\/\" \/>\n<meta property=\"og:site_name\" content=\"eHopi\" \/>\n<meta property=\"article:modified_time\" content=\"2024-10-29T18:16:21+00:00\" \/>\n<meta name=\"twitter:card\" content=\"summary_large_image\" \/>\n<meta name=\"twitter:label1\" content=\"Est. reading time\" \/>\n\t<meta name=\"twitter:data1\" content=\"1 minute\" \/>\n<script type=\"application\/ld+json\" class=\"yoast-schema-graph\">{\"@context\":\"https:\/\/schema.org\",\"@graph\":[{\"@type\":\"WebPage\",\"@id\":\"https:\/\/ehopi.pl\/kontakt\/\",\"url\":\"https:\/\/ehopi.pl\/kontakt\/\",\"name\":\"Contact - eHopi\",\"isPartOf\":{\"@id\":\"https:\/\/ehopi.pl\/#website\"},\"datePublished\":\"2022-04-20T08:10:21+00:00\",\"dateModified\":\"2024-10-29T18:16:21+00:00\",\"description\":\"Strona kontakt dla firmy eHopi. To dokona\u0142y spos\u00f3b by uzyska\u0107 wszystkie niezb\u0119dne informacje dotycz\u0105ce wsparcia logistycznego.\",\"breadcrumb\":{\"@id\":\"https:\/\/ehopi.pl\/kontakt\/#breadcrumb\"},\"inLanguage\":\"en-US\",\"potentialAction\":[{\"@type\":\"ReadAction\",\"target\":[\"https:\/\/ehopi.pl\/kontakt\/\"]}]},{\"@type\":\"BreadcrumbList\",\"@id\":\"https:\/\/ehopi.pl\/kontakt\/#breadcrumb\",\"itemListElement\":[{\"@type\":\"ListItem\",\"position\":1,\"name\":\"Strona g\u0142\u00f3wna\",\"item\":\"https:\/\/ehopi.pl\/\"},{\"@type\":\"ListItem\",\"position\":2,\"name\":\"Kontakt\"}]},{\"@type\":\"WebSite\",\"@id\":\"https:\/\/ehopi.pl\/#website\",\"url\":\"https:\/\/ehopi.pl\/\",\"name\":\"eHopi\",\"description\":\"Obs\u0142uga logistyczna i fulfillment dla e-commerce\",\"publisher\":{\"@id\":\"https:\/\/ehopi.pl\/#organization\"},\"potentialAction\":[{\"@type\":\"SearchAction\",\"target\":{\"@type\":\"EntryPoint\",\"urlTemplate\":\"https:\/\/ehopi.pl\/?s={search_term_string}\"},\"query-input\":{\"@type\":\"PropertyValueSpecification\",\"valueRequired\":true,\"valueName\":\"search_term_string\"}}],\"inLanguage\":\"en-US\"},{\"@type\":\"Organization\",\"@id\":\"https:\/\/ehopi.pl\/#organization\",\"name\":\"eHopi\",\"url\":\"https:\/\/ehopi.pl\/\",\"logo\":{\"@type\":\"ImageObject\",\"inLanguage\":\"en-US\",\"@id\":\"https:\/\/ehopi.pl\/#\/schema\/logo\/image\/\",\"url\":\"https:\/\/ehopi.pl\/wp-content\/uploads\/2022\/04\/E-hopi-logo-green-1.png\",\"contentUrl\":\"https:\/\/ehopi.pl\/wp-content\/uploads\/2022\/04\/E-hopi-logo-green-1.png\",\"width\":434,\"height\":434,\"caption\":\"eHopi\"},\"image\":{\"@id\":\"https:\/\/ehopi.pl\/#\/schema\/logo\/image\/\"}}]}<\/script>\n<!-- \/ Yoast SEO plugin. -->","yoast_head_json":{"title":"Contact - eHopi","robots":{"index":"index","follow":"follow","max-snippet":"max-snippet:-1","max-image-preview":"max-image-preview:large","max-video-preview":"max-video-preview:-1"},"canonical":"https:\/\/ehopi.pl\/kontakt\/","og_locale":"en_US","og_type":"article","og_title":"Contact - eHopi","og_url":"https:\/\/ehopi.pl\/kontakt\/","og_site_name":"eHopi","article_modified_time":"2024-10-29T18:16:21+00:00","twitter_card":"summary_large_image","twitter_misc":{"Est. reading time":"1 minute"},"schema":{"@context":"https:\/\/schema.org","@graph":[{"@type":"WebPage","@id":"https:\/\/ehopi.pl\/kontakt\/","url":"https:\/\/ehopi.pl\/kontakt\/","name":"Contact - eHopi","isPartOf":{"@id":"https:\/\/ehopi.pl\/#website"},"datePublished":"2022-04-20T08:10:21+00:00","dateModified":"2024-10-29T18:16:21+00:00","description":"Strona kontakt dla firmy eHopi. To dokona\u0142y spos\u00f3b by uzyska\u0107 wszystkie niezb\u0119dne informacje dotycz\u0105ce wsparcia logistycznego.","breadcrumb":{"@id":"https:\/\/ehopi.pl\/kontakt\/#breadcrumb"},"inLanguage":"en-US","potentialAction":[{"@type":"ReadAction","target":["https:\/\/ehopi.pl\/kontakt\/"]}]},{"@type":"BreadcrumbList","@id":"https:\/\/ehopi.pl\/kontakt\/#breadcrumb","itemListElement":[{"@type":"ListItem","position":1,"name":"Strona g\u0142\u00f3wna","item":"https:\/\/ehopi.pl\/"},{"@type":"ListItem","position":2,"name":"Kontakt"}]},{"@type":"WebSite","@id":"https:\/\/ehopi.pl\/#website","url":"https:\/\/ehopi.pl\/","name":"eHopi","description":"Obs\u0142uga logistyczna i fulfillment dla e-commerce","publisher":{"@id":"https:\/\/ehopi.pl\/#organization"},"potentialAction":[{"@type":"SearchAction","target":{"@type":"EntryPoint","urlTemplate":"https:\/\/ehopi.pl\/?s={search_term_string}"},"query-input":{"@type":"PropertyValueSpecification","valueRequired":true,"valueName":"search_term_string"}}],"inLanguage":"en-US"},{"@type":"Organization","@id":"https:\/\/ehopi.pl\/#organization","name":"eHopi","url":"https:\/\/ehopi.pl\/","logo":{"@type":"ImageObject","inLanguage":"en-US","@id":"https:\/\/ehopi.pl\/#\/schema\/logo\/image\/","url":"https:\/\/ehopi.pl\/wp-content\/uploads\/2022\/04\/E-hopi-logo-green-1.png","contentUrl":"https:\/\/ehopi.pl\/wp-content\/uploads\/2022\/04\/E-hopi-logo-green-1.png","width":434,"height":434,"caption":"eHopi"},"image":{"@id":"https:\/\/ehopi.pl\/#\/schema\/logo\/image\/"}}]}},"_links":{"self":[{"href":"https:\/\/ehopi.pl\/en\/wp-json\/wp\/v2\/pages\/12113","targetHints":{"allow":["GET"]}}],"collection":[{"href":"https:\/\/ehopi.pl\/en\/wp-json\/wp\/v2\/pages"}],"about":[{"href":"https:\/\/ehopi.pl\/en\/wp-json\/wp\/v2\/types\/page"}],"author":[{"embeddable":true,"href":"https:\/\/ehopi.pl\/en\/wp-json\/wp\/v2\/users\/6"}],"replies":[{"embeddable":true,"href":"https:\/\/ehopi.pl\/en\/wp-json\/wp\/v2\/comments?post=12113"}],"version-history":[{"count":22,"href":"https:\/\/ehopi.pl\/en\/wp-json\/wp\/v2\/pages\/12113\/revisions"}],"predecessor-version":[{"id":13734,"href":"https:\/\/ehopi.pl\/en\/wp-json\/wp\/v2\/pages\/12113\/revisions\/13734"}],"wp:attachment":[{"href":"https:\/\/ehopi.pl\/en\/wp-json\/wp\/v2\/media?parent=12113"}],"curies":[{"name":"wp","href":"https:\/\/api.w.org\/{rel}","templated":true}]}}