{"id":12145,"date":"2022-04-20T11:05:41","date_gmt":"2022-04-20T09:05:41","guid":{"rendered":"https:\/\/ehopi.pl\/?page_id=12145"},"modified":"2024-02-01T12:22:09","modified_gmt":"2024-02-01T11:22:09","slug":"poradnik-ehopi","status":"publish","type":"page","link":"https:\/\/ehopi.pl\/en\/quick-guide\/","title":{"rendered":"Quick guide"},"content":{"rendered":"<div class=\"wpb-content-wrapper\"><p>[vc_section css=&#8221;.vc_custom_1650442033933{margin-top: 200px !important;margin-bottom: 100px !important;}&#8221;][vc_row][vc_column width=&#8221;5\/12&#8243;]<div id=\"ins-heading-69d9454900a06\" class=\"inv-section-heading-wrapper text-left position-relative  \"><div class=\"inv-section-heading-title padding-15px-bottom\"><h1 style=\"color: #343434\"  class=\"ins-section-heading-title-inner no-margin  font-weight-700\"><strong>Quick guide<\/strong><\/h1><\/div><\/div><script type=\"text\/javascript\">\n\t\t(function(jQuery) {jQuery(\"head\").append(\"<style>#ins-heading-69d9454900a06 .ins-section-heading-title-inner {font-size: 44px; line-height:54px;}<\/style>\")\n\t\t\t\t\t})(jQuery);\n\t\t\t\t\t\t<\/script>[\/vc_column][vc_column width=&#8221;7\/12&#8243;][vc_column_text][\/vc_column_text][\/vc_column][\/vc_row][\/vc_section][vc_section full_width=&#8221;stretch_row&#8221; css=&#8221;.vc_custom_1650457911304{margin-bottom: 100px !important;background-image: url(https:\/\/ehopi.pl\/wp-content\/uploads\/2022\/04\/poradnik.jpg?id=12150) !important;background-position: center !important;background-repeat: no-repeat !important;background-size: cover !important;}&#8221;][vc_row][vc_column][vc_empty_space height=&#8221;400&#8243;][\/vc_column][\/vc_row][\/vc_section][vc_section css=&#8221;.vc_custom_1650442888603{margin-bottom: 130px !important;}&#8221;][vc_row][vc_column]<div class=\"blog-column-main-archive blog-element-main-archive \"> <div class=\"ajax_posts clearfix\"> <div class=\"inv-blog-element-grid-wrapper inv-blog-element-article-holder\" style=\"margin: 0 -15px;\">\n<div class=\"grid-sizer\"><\/div> <article style=\"padding: 0 15px; margin-bottom:50px;\" class=\"inv-post-blog-item-holder inv-post-grid-one-main-wrapper aos-init col-md-4 col-lg-4 col-sm-6 col-xs-12 inv-post_layout_3 post-13993 post type-post status-publish format-standard has-post-thumbnail hentry category-logistyka-e-commerce\" data-aos-once=\"true\" data-aos=\"\" data-aos-delay=\"0\">\n<div class=\"inv-blog-grid-3-wrapper\">\n<div class=\"inv-blog-grid-3-inner\">\n<div class=\"inv-blog-grid-3-thumb\" style=\"background-image: url('https:\/\/ehopi.pl\/wp-content\/uploads\/2025\/12\/stos-paczek.jpg');\">\n<!-- <div class=\"inv-blog-grid-3-category\"><span class=\"inv-blog-grid-3-category-text\"><\/span><\/div> -->\n<\/div>\n<div class=\"inv-blog-grid-3-content\">\n<h5 class=\"inv-blog-grid-3-title\"><a href=\"https:\/\/ehopi.pl\/en\/rewolucja-bezetykietowa-jak-kody-w-aplikacji-zmieniaja-logistyke-zwrotow-w-e-commerce\/\" class=\"inv-title-h3\">Rewolucja bezetykietowa &#8211; jak kody w aplikacji zmieniaj\u0105 logistyk\u0119 zwrot\u00f3w w e-commerce?<\/a><\/h5>\n<div class=\"inv-blog-grid-3-bottom-wrapper\">\n<div class=\"separator-line-holder\">\n<div class=\"separator-line-inner\"><!--line--><\/div>\n<\/div>\n<div class=\"inv-blog-grid-3-meta clearfix\"> <!-- <span class=\"inv-blog-grid-3-author-meta\"> <span class=\"inv-blog-grid-3-author-name\"><\/span><\/span> <span class=\"inv-blog-grid-3-date\"><\/span> --> <div class=\"inv-blog-grid-3-category\"><span class=\"inv-blog-grid-3-category-text\"><a href=\"https:\/\/ehopi.pl\/en\/category\/logistyka-e-commerce\/\" rel=\"category tag\">Logistyka e-commerce<\/a><\/span><\/div>\n<\/div>\n<\/div>\n<\/div>\n<\/div>\n<\/div>\n<\/article> <article style=\"padding: 0 15px; margin-bottom:50px;\" class=\"inv-post-blog-item-holder inv-post-grid-one-main-wrapper aos-init col-md-4 col-lg-4 col-sm-6 col-xs-12 inv-post_layout_3 post-13988 post type-post status-publish format-standard has-post-thumbnail hentry category-fulfillment-dla-e-commerce\" data-aos-once=\"true\" data-aos=\"\" data-aos-delay=\"0\">\n<div class=\"inv-blog-grid-3-wrapper\">\n<div class=\"inv-blog-grid-3-inner\">\n<div class=\"inv-blog-grid-3-thumb\" style=\"background-image: url('https:\/\/ehopi.pl\/wp-content\/uploads\/2023\/09\/logistic-network-distribution-transport-concept-goods-delivery-scaled.jpg');\">\n<!-- <div class=\"inv-blog-grid-3-category\"><span class=\"inv-blog-grid-3-category-text\"><\/span><\/div> -->\n<\/div>\n<div class=\"inv-blog-grid-3-content\">\n<h5 class=\"inv-blog-grid-3-title\"><a href=\"https:\/\/ehopi.pl\/en\/fulfillment-omnichannel-jak-polaczyc-sprzedaz-online-i-offline-w-jednym-magazynie\/\" class=\"inv-title-h3\">Fulfillment omnichannel &#8211; jak po\u0142\u0105czy\u0107 sprzeda\u017c online i offline w jednym magazynie<\/a><\/h5>\n<div class=\"inv-blog-grid-3-bottom-wrapper\">\n<div class=\"separator-line-holder\">\n<div class=\"separator-line-inner\"><!--line--><\/div>\n<\/div>\n<div class=\"inv-blog-grid-3-meta clearfix\"> <!-- <span class=\"inv-blog-grid-3-author-meta\"> <span class=\"inv-blog-grid-3-author-name\"><\/span><\/span> <span class=\"inv-blog-grid-3-date\"><\/span> --> <div class=\"inv-blog-grid-3-category\"><span class=\"inv-blog-grid-3-category-text\"><a href=\"https:\/\/ehopi.pl\/en\/category\/fulfillment-e-commerce\/\" rel=\"category tag\">Fulfillment dla e-commerce<\/a><\/span><\/div>\n<\/div>\n<\/div>\n<\/div>\n<\/div>\n<\/div>\n<\/article> <article style=\"padding: 0 15px; margin-bottom:50px;\" class=\"inv-post-blog-item-holder inv-post-grid-one-main-wrapper aos-init col-md-4 col-lg-4 col-sm-6 col-xs-12 inv-post_layout_3 post-13983 post type-post status-publish format-standard has-post-thumbnail hentry category-magazynowanie\" data-aos-once=\"true\" data-aos=\"\" data-aos-delay=\"0\">\n<div class=\"inv-blog-grid-3-wrapper\">\n<div class=\"inv-blog-grid-3-inner\">\n<div class=\"inv-blog-grid-3-thumb\" style=\"background-image: url('https:\/\/ehopi.pl\/wp-content\/uploads\/2026\/01\/eko-magazyn.jpg');\">\n<!-- <div class=\"inv-blog-grid-3-category\"><span class=\"inv-blog-grid-3-category-text\"><\/span><\/div> -->\n<\/div>\n<div class=\"inv-blog-grid-3-content\">\n<h5 class=\"inv-blog-grid-3-title\"><a href=\"https:\/\/ehopi.pl\/en\/ekologiczne-magazynowanie-i-fulfillment-czyli-jak-zmniejszyc-slad-weglowy-w-e-commerce\/\" class=\"inv-title-h3\">Ekologiczne magazynowanie i fulfillment, czyli jak zmniejszy\u0107 \u015blad w\u0119glowy w e-commerce?<\/a><\/h5>\n<div class=\"inv-blog-grid-3-bottom-wrapper\">\n<div class=\"separator-line-holder\">\n<div class=\"separator-line-inner\"><!--line--><\/div>\n<\/div>\n<div class=\"inv-blog-grid-3-meta clearfix\"> <!-- <span class=\"inv-blog-grid-3-author-meta\"> <span class=\"inv-blog-grid-3-author-name\"><\/span><\/span> <span class=\"inv-blog-grid-3-date\"><\/span> --> <div class=\"inv-blog-grid-3-category\"><span class=\"inv-blog-grid-3-category-text\"><a href=\"https:\/\/ehopi.pl\/en\/category\/magazynowanie\/\" rel=\"category tag\">Magazynowanie<\/a><\/span><\/div>\n<\/div>\n<\/div>\n<\/div>\n<\/div>\n<\/div>\n<\/article> <article style=\"padding: 0 15px; margin-bottom:50px;\" class=\"inv-post-blog-item-holder inv-post-grid-one-main-wrapper aos-init col-md-4 col-lg-4 col-sm-6 col-xs-12 inv-post_layout_3 post-13977 post type-post status-publish format-standard has-post-thumbnail hentry category-logistyka-e-commerce\" data-aos-once=\"true\" data-aos=\"\" data-aos-delay=\"0\">\n<div class=\"inv-blog-grid-3-wrapper\">\n<div class=\"inv-blog-grid-3-inner\">\n<div class=\"inv-blog-grid-3-thumb\" style=\"background-image: url('https:\/\/ehopi.pl\/wp-content\/uploads\/2026\/01\/micrologistyka-magazyny.jpg');\">\n<!-- <div class=\"inv-blog-grid-3-category\"><span class=\"inv-blog-grid-3-category-text\"><\/span><\/div> -->\n<\/div>\n<div class=\"inv-blog-grid-3-content\">\n<h5 class=\"inv-blog-grid-3-title\"><a href=\"https:\/\/ehopi.pl\/en\/micro-fulfillment-i-lokalne-centra-logistyczne-klucz-do-blyskawicznych-dostaw-w-e-commerce\/\" class=\"inv-title-h3\">Micro-fulfillment i lokalne centra logistyczne &#8211; klucz do b\u0142yskawicznych dostaw w e-commerce<\/a><\/h5>\n<div class=\"inv-blog-grid-3-bottom-wrapper\">\n<div class=\"separator-line-holder\">\n<div class=\"separator-line-inner\"><!--line--><\/div>\n<\/div>\n<div class=\"inv-blog-grid-3-meta clearfix\"> <!-- <span class=\"inv-blog-grid-3-author-meta\"> <span class=\"inv-blog-grid-3-author-name\"><\/span><\/span> <span class=\"inv-blog-grid-3-date\"><\/span> --> <div class=\"inv-blog-grid-3-category\"><span class=\"inv-blog-grid-3-category-text\"><a href=\"https:\/\/ehopi.pl\/en\/category\/logistyka-e-commerce\/\" rel=\"category tag\">Logistyka e-commerce<\/a><\/span><\/div>\n<\/div>\n<\/div>\n<\/div>\n<\/div>\n<\/div>\n<\/article> <article style=\"padding: 0 15px; margin-bottom:50px;\" class=\"inv-post-blog-item-holder inv-post-grid-one-main-wrapper aos-init col-md-4 col-lg-4 col-sm-6 col-xs-12 inv-post_layout_3 post-13969 post type-post status-publish format-standard has-post-thumbnail hentry category-magazynowanie\" data-aos-once=\"true\" data-aos=\"\" data-aos-delay=\"0\">\n<div class=\"inv-blog-grid-3-wrapper\">\n<div class=\"inv-blog-grid-3-inner\">\n<div class=\"inv-blog-grid-3-thumb\" style=\"background-image: url('https:\/\/ehopi.pl\/wp-content\/uploads\/2026\/01\/nowoczesny-magazyn-przyszlosci.jpg');\">\n<!-- <div class=\"inv-blog-grid-3-category\"><span class=\"inv-blog-grid-3-category-text\"><\/span><\/div> -->\n<\/div>\n<div class=\"inv-blog-grid-3-content\">\n<h5 class=\"inv-blog-grid-3-title\"><a href=\"https:\/\/ehopi.pl\/en\/trendy-technologiczne-ktore-zmienia-magazyny-e-commerce-w-2026-roku\/\" class=\"inv-title-h3\">Trendy technologiczne, kt\u00f3re zmieni\u0105 magazyny e-commerce w 2026 roku<\/a><\/h5>\n<div class=\"inv-blog-grid-3-bottom-wrapper\">\n<div class=\"separator-line-holder\">\n<div class=\"separator-line-inner\"><!--line--><\/div>\n<\/div>\n<div class=\"inv-blog-grid-3-meta clearfix\"> <!-- <span class=\"inv-blog-grid-3-author-meta\"> <span class=\"inv-blog-grid-3-author-name\"><\/span><\/span> <span class=\"inv-blog-grid-3-date\"><\/span> --> <div class=\"inv-blog-grid-3-category\"><span class=\"inv-blog-grid-3-category-text\"><a href=\"https:\/\/ehopi.pl\/en\/category\/magazynowanie\/\" rel=\"category tag\">Magazynowanie<\/a><\/span><\/div>\n<\/div>\n<\/div>\n<\/div>\n<\/div>\n<\/div>\n<\/article> <article style=\"padding: 0 15px; margin-bottom:50px;\" class=\"inv-post-blog-item-holder inv-post-grid-one-main-wrapper aos-init col-md-4 col-lg-4 col-sm-6 col-xs-12 inv-post_layout_3 post-13946 post type-post status-publish format-standard has-post-thumbnail hentry category-fulfillment-dla-e-commerce\" data-aos-once=\"true\" data-aos=\"\" data-aos-delay=\"0\">\n<div class=\"inv-blog-grid-3-wrapper\">\n<div class=\"inv-blog-grid-3-inner\">\n<div class=\"inv-blog-grid-3-thumb\" style=\"background-image: url('https:\/\/ehopi.pl\/wp-content\/uploads\/2025\/02\/Magazynowanie-towarow.jpg');\">\n<!-- <div class=\"inv-blog-grid-3-category\"><span class=\"inv-blog-grid-3-category-text\"><\/span><\/div> -->\n<\/div>\n<div class=\"inv-blog-grid-3-content\">\n<h5 class=\"inv-blog-grid-3-title\"><a href=\"https:\/\/ehopi.pl\/en\/jak-dobry-fulfillment-pomaga-przetrwac-swiateczny-szczyt-zakupowy-i-eventy-typu-black-friday-sprawdz-nasze-propozycje\/\" class=\"inv-title-h3\">Jak dobry Fulfillment pomaga przetrwa\u0107 \u015bwi\u0105teczny szczyt zakupowy i eventy typu Black Friday \u2013 sprawd\u017a nasze propozycje!<\/a><\/h5>\n<div class=\"inv-blog-grid-3-bottom-wrapper\">\n<div class=\"separator-line-holder\">\n<div class=\"separator-line-inner\"><!--line--><\/div>\n<\/div>\n<div class=\"inv-blog-grid-3-meta clearfix\"> <!-- <span class=\"inv-blog-grid-3-author-meta\"> <span class=\"inv-blog-grid-3-author-name\"><\/span><\/span> <span class=\"inv-blog-grid-3-date\"><\/span> --> <div class=\"inv-blog-grid-3-category\"><span class=\"inv-blog-grid-3-category-text\"><a href=\"https:\/\/ehopi.pl\/en\/category\/fulfillment-e-commerce\/\" rel=\"category tag\">Fulfillment dla e-commerce<\/a><\/span><\/div>\n<\/div>\n<\/div>\n<\/div>\n<\/div>\n<\/div>\n<\/article> <article style=\"padding: 0 15px; margin-bottom:50px;\" class=\"inv-post-blog-item-holder inv-post-grid-one-main-wrapper aos-init col-md-4 col-lg-4 col-sm-6 col-xs-12 inv-post_layout_3 post-13953 post type-post status-publish format-standard has-post-thumbnail hentry category-co-packing\" data-aos-once=\"true\" data-aos=\"\" data-aos-delay=\"0\">\n<div class=\"inv-blog-grid-3-wrapper\">\n<div class=\"inv-blog-grid-3-inner\">\n<div class=\"inv-blog-grid-3-thumb\" style=\"background-image: url('https:\/\/ehopi.pl\/wp-content\/uploads\/2024\/03\/konfekcjonowanie-warszawa.jpg');\">\n<!-- <div class=\"inv-blog-grid-3-category\"><span class=\"inv-blog-grid-3-category-text\"><\/span><\/div> -->\n<\/div>\n<div class=\"inv-blog-grid-3-content\">\n<h5 class=\"inv-blog-grid-3-title\"><a href=\"https:\/\/ehopi.pl\/en\/perfekcyjne-pakowanie-w-e-commerce-jak-fulfillment-wplywa-na-unboxing\/\" class=\"inv-title-h3\">Perfekcyjne pakowanie w e-commerce. Jak fulfillment wp\u0142ywa na unboxing?<\/a><\/h5>\n<div class=\"inv-blog-grid-3-bottom-wrapper\">\n<div class=\"separator-line-holder\">\n<div class=\"separator-line-inner\"><!--line--><\/div>\n<\/div>\n<div class=\"inv-blog-grid-3-meta clearfix\"> <!-- <span class=\"inv-blog-grid-3-author-meta\"> <span class=\"inv-blog-grid-3-author-name\"><\/span><\/span> <span class=\"inv-blog-grid-3-date\"><\/span> --> <div class=\"inv-blog-grid-3-category\"><span class=\"inv-blog-grid-3-category-text\"><a href=\"https:\/\/ehopi.pl\/en\/category\/co-packing\/\" rel=\"category tag\">Co-packing<\/a><\/span><\/div>\n<\/div>\n<\/div>\n<\/div>\n<\/div>\n<\/div>\n<\/article> <article style=\"padding: 0 15px; margin-bottom:50px;\" class=\"inv-post-blog-item-holder inv-post-grid-one-main-wrapper aos-init col-md-4 col-lg-4 col-sm-6 col-xs-12 inv-post_layout_3 post-13959 post type-post status-publish format-standard has-post-thumbnail hentry category-magazynowanie\" data-aos-once=\"true\" data-aos=\"\" data-aos-delay=\"0\">\n<div class=\"inv-blog-grid-3-wrapper\">\n<div class=\"inv-blog-grid-3-inner\">\n<div class=\"inv-blog-grid-3-thumb\" style=\"background-image: url('https:\/\/ehopi.pl\/wp-content\/uploads\/2025\/12\/kod-kreskowy.jpg');\">\n<!-- <div class=\"inv-blog-grid-3-category\"><span class=\"inv-blog-grid-3-category-text\"><\/span><\/div> -->\n<\/div>\n<div class=\"inv-blog-grid-3-content\">\n<h5 class=\"inv-blog-grid-3-title\"><a href=\"https:\/\/ehopi.pl\/en\/sku-ean-wms-co-oznaczaja-te-skroty-wyjasniamy-w-naszym-poradniku\/\" class=\"inv-title-h3\">SKU, EAN, WMS \u2013 co oznaczaj\u0105 te skr\u00f3ty? Wyja\u015bniamy w naszym poradniku<\/a><\/h5>\n<div class=\"inv-blog-grid-3-bottom-wrapper\">\n<div class=\"separator-line-holder\">\n<div class=\"separator-line-inner\"><!--line--><\/div>\n<\/div>\n<div class=\"inv-blog-grid-3-meta clearfix\"> <!-- <span class=\"inv-blog-grid-3-author-meta\"> <span class=\"inv-blog-grid-3-author-name\"><\/span><\/span> <span class=\"inv-blog-grid-3-date\"><\/span> --> <div class=\"inv-blog-grid-3-category\"><span class=\"inv-blog-grid-3-category-text\"><a href=\"https:\/\/ehopi.pl\/en\/category\/magazynowanie\/\" rel=\"category tag\">Magazynowanie<\/a><\/span><\/div>\n<\/div>\n<\/div>\n<\/div>\n<\/div>\n<\/div>\n<\/article> <article style=\"padding: 0 15px; margin-bottom:50px;\" class=\"inv-post-blog-item-holder inv-post-grid-one-main-wrapper aos-init col-md-4 col-lg-4 col-sm-6 col-xs-12 inv-post_layout_3 post-13963 post type-post status-publish format-standard has-post-thumbnail hentry category-logistyka-e-commerce\" data-aos-once=\"true\" data-aos=\"\" data-aos-delay=\"0\">\n<div class=\"inv-blog-grid-3-wrapper\">\n<div class=\"inv-blog-grid-3-inner\">\n<div class=\"inv-blog-grid-3-thumb\" style=\"background-image: url('https:\/\/ehopi.pl\/wp-content\/uploads\/2025\/12\/stos-paczek.jpg');\">\n<!-- <div class=\"inv-blog-grid-3-category\"><span class=\"inv-blog-grid-3-category-text\"><\/span><\/div> -->\n<\/div>\n<div class=\"inv-blog-grid-3-content\">\n<h5 class=\"inv-blog-grid-3-title\"><a href=\"https:\/\/ehopi.pl\/en\/syndrom-wlasnego-garazu-kiedy-outsourcing-logistyki-staje-sie-koniecznoscia-a-nie-wyborem\/\" class=\"inv-title-h3\">Syndrom &#8220;w\u0142asnego gara\u017cu&#8221; &#8211; kiedy outsourcing logistyki staje si\u0119 konieczno\u015bci\u0105, a nie wyborem?<\/a><\/h5>\n<div class=\"inv-blog-grid-3-bottom-wrapper\">\n<div class=\"separator-line-holder\">\n<div class=\"separator-line-inner\"><!--line--><\/div>\n<\/div>\n<div class=\"inv-blog-grid-3-meta clearfix\"> <!-- <span class=\"inv-blog-grid-3-author-meta\"> <span class=\"inv-blog-grid-3-author-name\"><\/span><\/span> <span class=\"inv-blog-grid-3-date\"><\/span> --> <div class=\"inv-blog-grid-3-category\"><span class=\"inv-blog-grid-3-category-text\"><a href=\"https:\/\/ehopi.pl\/en\/category\/logistyka-e-commerce\/\" rel=\"category tag\">Logistyka e-commerce<\/a><\/span><\/div>\n<\/div>\n<\/div>\n<\/div>\n<\/div>\n<\/div>\n<\/article> <\/div>\n<div class=\"invictus-pagination-wrapper col-md-12 blog-grid-main\"> <\/div> <div class=\"invictus-pagination-wrapper col-md-12 blog-grid-main custom-special\"> <div class=\"pagination inv-pagination\"><span><\/span><div class=\"inv-prev-page\"><\/div><span class=\"current inv-pages\">1<\/span><a href='https:\/\/ehopi.pl\/en\/wp-json\/wp\/v2\/pages\/12145\/page\/2\/' class=\"inactive inv-pages\">2<\/a><a href='https:\/\/ehopi.pl\/en\/wp-json\/wp\/v2\/pages\/12145\/page\/3\/' class=\"inactive inv-pages\">3<\/a><div class=\"inv-next-page\"><\/div><\/div> <\/div> <\/div> <\/div>[\/vc_column][\/vc_row][\/vc_section]<\/p>\n<\/div>","protected":false},"excerpt":{"rendered":"<p>[vc_section css=&#8221;.vc_custom_1650442033933{margin-top: 200px !important;margin-bottom: 100px !important;}&#8221;][vc_row][vc_column width=&#8221;5\/12&#8243;][\/vc_column][vc_column width=&#8221;7\/12&#8243;][vc_column_text][\/vc_column_text][\/vc_column][\/vc_row][\/vc_section][vc_section full_width=&#8221;stretch_row&#8221; css=&#8221;.vc_custom_1650457911304{margin-bottom: 100px !important;background-image: url(https:\/\/ehopi.pl\/wp-content\/uploads\/2022\/04\/poradnik.jpg?id=12150) !important;background-position: center !important;background-repeat: no-repeat !important;background-size: cover !important;}&#8221;][vc_row][vc_column][vc_empty_space height=&#8221;400&#8243;][\/vc_column][\/vc_row][\/vc_section][vc_section css=&#8221;.vc_custom_1650442888603{margin-bottom: 130px !important;}&#8221;][vc_row][vc_column][\/vc_column][\/vc_row][\/vc_section]<\/p>\n","protected":false},"author":6,"featured_media":0,"parent":0,"menu_order":0,"comment_status":"closed","ping_status":"closed","template":"","meta":{"inline_featured_image":false,"footnotes":""},"class_list":["post-12145","page","type-page","status-publish","hentry"],"translation":{"provider":"WPGlobus","version":"3.0.1","language":"en","enabled_languages":["pl","en"],"languages":{"pl":{"title":true,"content":true,"excerpt":false},"en":{"title":true,"content":true,"excerpt":false}}},"yoast_head":"<!-- This site is optimized with the Yoast SEO plugin v26.8 - https:\/\/yoast.com\/product\/yoast-seo-wordpress\/ -->\n<title>Quick guide - eHopi<\/title>\n<meta name=\"robots\" content=\"index, follow, max-snippet:-1, max-image-preview:large, max-video-preview:-1\" \/>\n<link rel=\"canonical\" href=\"https:\/\/ehopi.pl\/poradnik-ehopi\/\" \/>\n<meta property=\"og:locale\" content=\"en_US\" \/>\n<meta property=\"og:type\" content=\"article\" \/>\n<meta property=\"og:title\" content=\"Quick guide - eHopi\" \/>\n<meta property=\"og:url\" content=\"https:\/\/ehopi.pl\/poradnik-ehopi\/\" \/>\n<meta property=\"og:site_name\" content=\"eHopi\" \/>\n<meta property=\"article:modified_time\" content=\"2024-02-01T11:22:09+00:00\" \/>\n<meta name=\"twitter:card\" content=\"summary_large_image\" \/>\n<meta name=\"twitter:label1\" content=\"Est. reading time\" \/>\n\t<meta name=\"twitter:data1\" content=\"1 minute\" \/>\n<script type=\"application\/ld+json\" class=\"yoast-schema-graph\">{\"@context\":\"https:\/\/schema.org\",\"@graph\":[{\"@type\":\"WebPage\",\"@id\":\"https:\/\/ehopi.pl\/poradnik-ehopi\/\",\"url\":\"https:\/\/ehopi.pl\/poradnik-ehopi\/\",\"name\":\"Quick guide - eHopi\",\"isPartOf\":{\"@id\":\"https:\/\/ehopi.pl\/#website\"},\"datePublished\":\"2022-04-20T09:05:41+00:00\",\"dateModified\":\"2024-02-01T11:22:09+00:00\",\"breadcrumb\":{\"@id\":\"https:\/\/ehopi.pl\/poradnik-ehopi\/#breadcrumb\"},\"inLanguage\":\"en-US\",\"potentialAction\":[{\"@type\":\"ReadAction\",\"target\":[\"https:\/\/ehopi.pl\/poradnik-ehopi\/\"]}]},{\"@type\":\"BreadcrumbList\",\"@id\":\"https:\/\/ehopi.pl\/poradnik-ehopi\/#breadcrumb\",\"itemListElement\":[{\"@type\":\"ListItem\",\"position\":1,\"name\":\"Strona g\u0142\u00f3wna\",\"item\":\"https:\/\/ehopi.pl\/\"},{\"@type\":\"ListItem\",\"position\":2,\"name\":\"Poradnik eHOPI\"}]},{\"@type\":\"WebSite\",\"@id\":\"https:\/\/ehopi.pl\/#website\",\"url\":\"https:\/\/ehopi.pl\/\",\"name\":\"eHopi\",\"description\":\"Obs\u0142uga logistyczna i fulfillment dla e-commerce\",\"publisher\":{\"@id\":\"https:\/\/ehopi.pl\/#organization\"},\"potentialAction\":[{\"@type\":\"SearchAction\",\"target\":{\"@type\":\"EntryPoint\",\"urlTemplate\":\"https:\/\/ehopi.pl\/?s={search_term_string}\"},\"query-input\":{\"@type\":\"PropertyValueSpecification\",\"valueRequired\":true,\"valueName\":\"search_term_string\"}}],\"inLanguage\":\"en-US\"},{\"@type\":\"Organization\",\"@id\":\"https:\/\/ehopi.pl\/#organization\",\"name\":\"eHopi\",\"url\":\"https:\/\/ehopi.pl\/\",\"logo\":{\"@type\":\"ImageObject\",\"inLanguage\":\"en-US\",\"@id\":\"https:\/\/ehopi.pl\/#\/schema\/logo\/image\/\",\"url\":\"https:\/\/ehopi.pl\/wp-content\/uploads\/2022\/04\/E-hopi-logo-green-1.png\",\"contentUrl\":\"https:\/\/ehopi.pl\/wp-content\/uploads\/2022\/04\/E-hopi-logo-green-1.png\",\"width\":434,\"height\":434,\"caption\":\"eHopi\"},\"image\":{\"@id\":\"https:\/\/ehopi.pl\/#\/schema\/logo\/image\/\"}}]}<\/script>\n<!-- \/ Yoast SEO plugin. -->","yoast_head_json":{"title":"Quick guide - eHopi","robots":{"index":"index","follow":"follow","max-snippet":"max-snippet:-1","max-image-preview":"max-image-preview:large","max-video-preview":"max-video-preview:-1"},"canonical":"https:\/\/ehopi.pl\/poradnik-ehopi\/","og_locale":"en_US","og_type":"article","og_title":"Quick guide - eHopi","og_url":"https:\/\/ehopi.pl\/poradnik-ehopi\/","og_site_name":"eHopi","article_modified_time":"2024-02-01T11:22:09+00:00","twitter_card":"summary_large_image","twitter_misc":{"Est. reading time":"1 minute"},"schema":{"@context":"https:\/\/schema.org","@graph":[{"@type":"WebPage","@id":"https:\/\/ehopi.pl\/poradnik-ehopi\/","url":"https:\/\/ehopi.pl\/poradnik-ehopi\/","name":"Quick guide - eHopi","isPartOf":{"@id":"https:\/\/ehopi.pl\/#website"},"datePublished":"2022-04-20T09:05:41+00:00","dateModified":"2024-02-01T11:22:09+00:00","breadcrumb":{"@id":"https:\/\/ehopi.pl\/poradnik-ehopi\/#breadcrumb"},"inLanguage":"en-US","potentialAction":[{"@type":"ReadAction","target":["https:\/\/ehopi.pl\/poradnik-ehopi\/"]}]},{"@type":"BreadcrumbList","@id":"https:\/\/ehopi.pl\/poradnik-ehopi\/#breadcrumb","itemListElement":[{"@type":"ListItem","position":1,"name":"Strona g\u0142\u00f3wna","item":"https:\/\/ehopi.pl\/"},{"@type":"ListItem","position":2,"name":"Poradnik eHOPI"}]},{"@type":"WebSite","@id":"https:\/\/ehopi.pl\/#website","url":"https:\/\/ehopi.pl\/","name":"eHopi","description":"Obs\u0142uga logistyczna i fulfillment dla e-commerce","publisher":{"@id":"https:\/\/ehopi.pl\/#organization"},"potentialAction":[{"@type":"SearchAction","target":{"@type":"EntryPoint","urlTemplate":"https:\/\/ehopi.pl\/?s={search_term_string}"},"query-input":{"@type":"PropertyValueSpecification","valueRequired":true,"valueName":"search_term_string"}}],"inLanguage":"en-US"},{"@type":"Organization","@id":"https:\/\/ehopi.pl\/#organization","name":"eHopi","url":"https:\/\/ehopi.pl\/","logo":{"@type":"ImageObject","inLanguage":"en-US","@id":"https:\/\/ehopi.pl\/#\/schema\/logo\/image\/","url":"https:\/\/ehopi.pl\/wp-content\/uploads\/2022\/04\/E-hopi-logo-green-1.png","contentUrl":"https:\/\/ehopi.pl\/wp-content\/uploads\/2022\/04\/E-hopi-logo-green-1.png","width":434,"height":434,"caption":"eHopi"},"image":{"@id":"https:\/\/ehopi.pl\/#\/schema\/logo\/image\/"}}]}},"_links":{"self":[{"href":"https:\/\/ehopi.pl\/en\/wp-json\/wp\/v2\/pages\/12145","targetHints":{"allow":["GET"]}}],"collection":[{"href":"https:\/\/ehopi.pl\/en\/wp-json\/wp\/v2\/pages"}],"about":[{"href":"https:\/\/ehopi.pl\/en\/wp-json\/wp\/v2\/types\/page"}],"author":[{"embeddable":true,"href":"https:\/\/ehopi.pl\/en\/wp-json\/wp\/v2\/users\/6"}],"replies":[{"embeddable":true,"href":"https:\/\/ehopi.pl\/en\/wp-json\/wp\/v2\/comments?post=12145"}],"version-history":[{"count":0,"href":"https:\/\/ehopi.pl\/en\/wp-json\/wp\/v2\/pages\/12145\/revisions"}],"wp:attachment":[{"href":"https:\/\/ehopi.pl\/en\/wp-json\/wp\/v2\/media?parent=12145"}],"curies":[{"name":"wp","href":"https:\/\/api.w.org\/{rel}","templated":true}]}}