{"id":12153,"date":"2022-04-20T11:29:30","date_gmt":"2022-04-20T09:29:30","guid":{"rendered":"https:\/\/ehopi.pl\/?page_id=12153"},"modified":"2025-03-27T09:14:51","modified_gmt":"2025-03-27T08:14:51","slug":"dlaczego-ehopi","status":"publish","type":"page","link":"https:\/\/ehopi.pl\/en\/why-ehopi\/","title":{"rendered":"Why eHopi?"},"content":{"rendered":"<div class=\"wpb-content-wrapper\"><p>[vc_section css=&#8221;.vc_custom_1650442033933{margin-top: 200px !important;margin-bottom: 100px !important;}&#8221;][vc_row][vc_column width=&#8221;5\/12&#8243;]<div id=\"ins-heading-69e506e0b720c\" class=\"inv-section-heading-wrapper text-left position-relative  \"><div class=\"inv-section-heading-title padding-15px-bottom\"><h1 style=\"color: #343434\"  class=\"ins-section-heading-title-inner no-margin  font-weight-700\">Dlaczego <strong>eHOPI<\/strong>? Bo je\u015bli oszcz\u0119dza\u0107, to razem z nami<\/h1><\/div><\/div><script type=\"text\/javascript\">\n\t\t(function(jQuery) {jQuery(\"head\").append(\"<style>#ins-heading-69e506e0b720c .ins-section-heading-title-inner {font-size: 44px; line-height:54px;}<\/style>\")\n\t\t\t\t\t})(jQuery);\n\t\t\t\t\t\t<\/script>[\/vc_column][vc_column width=&#8221;7\/12&#8243;][vc_column_text]Jeste\u015bmy cz\u0119\u015bci\u0105 holdingu HOPI, istniej\u0105cego na rynku od trzydziestu lat. Mo\u017cemy pochwali\u0107 si\u0119 wieloletni\u0105 wsp\u00f3\u0142prac\u0105 z takimi markami jak: P&amp;G, Mondelez, Lindt, Nestle, LIDL czy Beiersdorf. Magazynujemy i codziennie dostarczamy produkty, kt\u00f3re cz\u0119sto wymagaj\u0105 kontrolowanych warunk\u00f3w temperatury. Niestraszna nam obs\u0142uga sezonowych kampanii sprzeda\u017cowych (peak season).[\/vc_column_text][\/vc_column][\/vc_row][\/vc_section][vc_section full_width=&#8221;stretch_row&#8221; css=&#8221;.vc_custom_1650457939518{margin-bottom: 100px !important;background-image: url(https:\/\/ehopi.pl\/wp-content\/uploads\/2022\/04\/dlaczego.jpg?id=12148) !important;background-position: center !important;background-repeat: no-repeat !important;background-size: cover !important;}&#8221;][vc_row][vc_column][vc_empty_space height=&#8221;400&#8243;][\/vc_column][\/vc_row][\/vc_section][vc_section css=&#8221;.vc_custom_1650442879326{margin-bottom: 130px !important;}&#8221;][vc_row][vc_column width=&#8221;5\/12&#8243;]<div id=\"ins-heading-69e506e0b7222\" class=\"inv-section-heading-wrapper text-left position-relative  \"><div class=\"inv-section-heading-title padding-15px-bottom\"><h2 style=\"color: #343434\"  class=\"ins-section-heading-title-inner no-margin  font-weight-700\">Je\u015bli zdecydujesz si\u0119 na wsp\u00f3\u0142prac\u0119 z eHOPI, gwarantujemy, \u017ce:<\/h2><\/div><\/div><script type=\"text\/javascript\">\n\t\t(function(jQuery) {jQuery(\"head\").append(\"<style>#ins-heading-69e506e0b7222 .ins-section-heading-title-inner {font-size: 44px; line-height:54px;}<\/style>\")\n\t\t\t\t\t})(jQuery);\n\t\t\t\t\t\t<\/script>[\/vc_column][vc_column width=&#8221;7\/12&#8243;][vc_column_text]Specjalizujemy si\u0119 w profesjonalnych rozwi\u0105zaniach logistycznych dla sklep\u00f3w internetowych. Odbieramy dostawy, magazynujemy, kompletujemy zam\u00f3wienia, pakujemy i wysy\u0142amy do klienta. Mo\u017cemy zaj\u0105\u0107 si\u0119 tak\u017ce reklamacjami i zwrotami, obs\u0142ug\u0105 klienta czy wesprze\u0107 Tw\u00f3j e-biznes w dzia\u0142aniach marketingowych.<br \/>\nDecyduj\u0105c si\u0119 na nasze us\u0142ugi zamieniasz sta\u0142e zobowi\u0105zania na zmienne i rozliczasz si\u0119 z nami w modelu transakcyjnym. Tym samym redukujesz koszty sta\u0142e o 100%. Stawiamy na partnerskie relacje biznesowe i nie boimy si\u0119 wyzwa\u0144 \u2013 obs\u0142ugujemy zar\u00f3wno sklepy o ugruntowanej pozycji na rynku jak i te, kt\u00f3re dopiero zaczynaj\u0105 swoj\u0105 przygod\u0119 z e-commerce. Po prostu daj zna\u0107, co mo\u017cemy dla Ciebie zrobi\u0107![\/vc_column_text][\/vc_column][\/vc_row][\/vc_section][vc_section css=&#8221;.vc_custom_1650962419762{margin-bottom: 180px !important;}&#8221; el_class=&#8221;simple-squares-section&#8221;][vc_row el_class=&#8221;simple-squares&#8221; css=&#8221;.vc_custom_1650895449821{margin-bottom: 30px !important;}&#8221;][vc_column width=&#8221;1\/3&#8243; el_class=&#8221;simple-square-element simple-square-element-with-text&#8221; offset=&#8221;vc_col-lg-4 vc_col-md-4 vc_col-sm-12 vc_col-xs-12&#8243;][vc_single_image image=&#8221;12313&#8243; img_size=&#8221;full&#8221;]<div id=\"ins-heading-69e506e0b7231\" class=\"inv-section-heading-wrapper text-left position-relative  \"><div class=\"inv-section-heading-title padding-15px-bottom\"><h4 style=\"color: #333333\"  class=\"ins-section-heading-title-inner no-margin  font-weight-600\">Sta\u0142y dost\u0119p do informacji<\/h4><\/div><\/div><script type=\"text\/javascript\">\n\t\t(function(jQuery) {jQuery(\"head\").append(\"<style>#ins-heading-69e506e0b7231 .ins-section-heading-title-inner {font-size: 24px; line-height:34px;}<\/style>\")\n\t\t\t\t\t})(jQuery);\n\t\t\t\t\t\t<\/script>[vc_column_text]B\u0119dziesz mie\u0107 sta\u0142y dost\u0119p do informacji dotycz\u0105cych Twoich stan\u00f3w magazynowych[\/vc_column_text][\/vc_column][vc_column width=&#8221;1\/3&#8243; el_class=&#8221;simple-square-element simple-square-element-with-text&#8221; offset=&#8221;vc_col-lg-4 vc_col-md-4 vc_col-sm-12 vc_col-xs-12&#8243;][vc_single_image image=&#8221;12318&#8243; img_size=&#8221;full&#8221;]<div id=\"ins-heading-69e506e0b723e\" class=\"inv-section-heading-wrapper text-left position-relative  \"><div class=\"inv-section-heading-title padding-15px-bottom\"><h4 style=\"color: #333333\"  class=\"ins-section-heading-title-inner no-margin  font-weight-600\">Dedykowany opiekun<\/h4><\/div><\/div><script type=\"text\/javascript\">\n\t\t(function(jQuery) {jQuery(\"head\").append(\"<style>#ins-heading-69e506e0b723e .ins-section-heading-title-inner {font-size: 24px; line-height:34px;}<\/style>\")\n\t\t\t\t\t})(jQuery);\n\t\t\t\t\t\t<\/script>[vc_column_text]Otrzymasz dedykowanego opiekuna, bez wzgl\u0119du na wielko\u015b\u0107 prowadzonej dzia\u0142alno\u015bci[\/vc_column_text][\/vc_column][vc_column width=&#8221;1\/3&#8243; el_class=&#8221;simple-square-element simple-square-element-with-text&#8221; offset=&#8221;vc_col-lg-4 vc_col-md-4 vc_col-sm-12 vc_col-xs-12&#8243;][vc_single_image image=&#8221;12317&#8243; img_size=&#8221;full&#8221;]<div id=\"ins-heading-69e506e0b724a\" class=\"inv-section-heading-wrapper text-left position-relative  \"><div class=\"inv-section-heading-title padding-15px-bottom\"><h4 style=\"color: #333333\"  class=\"ins-section-heading-title-inner no-margin  font-weight-600\">Szybka dostawa<\/h4><\/div><\/div><script type=\"text\/javascript\">\n\t\t(function(jQuery) {jQuery(\"head\").append(\"<style>#ins-heading-69e506e0b724a .ins-section-heading-title-inner {font-size: 24px; line-height:34px;}<\/style>\")\n\t\t\t\t\t})(jQuery);\n\t\t\t\t\t\t<\/script>[vc_column_text]Zam\u00f3wienia z\u0142o\u017cone nawet do godz. 18:00 opuszcz\u0105 nasz magazyn jeszcze tego samego dnia[\/vc_column_text][\/vc_column][\/vc_row][vc_row el_class=&#8221;simple-squares simple-squares-with-text&#8221;][vc_column width=&#8221;1\/3&#8243; el_class=&#8221;simple-square-element simple-square-element-with-text&#8221; offset=&#8221;vc_col-lg-4 vc_col-md-4 vc_col-sm-12 vc_col-sm-offset-0 vc_col-xs-12&#8243;][vc_single_image image=&#8221;12316&#8243; img_size=&#8221;full&#8221;]<div id=\"ins-heading-69e506e0b7255\" class=\"inv-section-heading-wrapper text-left position-relative  \"><div class=\"inv-section-heading-title padding-15px-bottom\"><h4 style=\"color: #333333\"  class=\"ins-section-heading-title-inner no-margin  font-weight-600\">Dostarczenie w terminie<\/h4><\/div><\/div><script type=\"text\/javascript\">\n\t\t(function(jQuery) {jQuery(\"head\").append(\"<style>#ins-heading-69e506e0b7255 .ins-section-heading-title-inner {font-size: 24px; line-height:34px;}<\/style>\")\n\t\t\t\t\t})(jQuery);\n\t\t\t\t\t\t<\/script>[vc_column_text css=&#8221;&#8221;]Twoje przesy\u0142ki dotr\u0105 w ustalonym terminie \u2013 nasza skuteczno\u015b\u0107 realizacji wynosi 99,9%.[\/vc_column_text][\/vc_column][vc_column width=&#8221;1\/3&#8243; el_class=&#8221;simple-square-element simple-square-element-with-text&#8221; offset=&#8221;vc_col-lg-4 vc_col-md-4 vc_col-sm-12 vc_col-xs-12&#8243;][vc_single_image image=&#8221;12315&#8243; img_size=&#8221;full&#8221;]<div id=\"ins-heading-69e506e0b725f\" class=\"inv-section-heading-wrapper text-left position-relative  \"><div class=\"inv-section-heading-title padding-15px-bottom\"><h4 style=\"color: #333333\"  class=\"ins-section-heading-title-inner no-margin  font-weight-600\">Zoptymalizowane koszty<\/h4><\/div><\/div><script type=\"text\/javascript\">\n\t\t(function(jQuery) {jQuery(\"head\").append(\"<style>#ins-heading-69e506e0b725f .ins-section-heading-title-inner {font-size: 24px; line-height:34px;}<\/style>\")\n\t\t\t\t\t})(jQuery);\n\t\t\t\t\t\t<\/script>[vc_column_text]Zoptymalizujemy koszty zwi\u0105zane z pakowaniem Twoich produkt\u00f3w, ale nigdy kosztem kiepskiego zabezpieczenia czy pomy\u0142ek w kompletowaniu. Mo\u017cemy pochwali\u0107 si\u0119 poprawno\u015bci\u0105 kompletacji zam\u00f3wie\u0144 w ponad 99,8%[\/vc_column_text][\/vc_column][vc_column width=&#8221;1\/3&#8243; el_class=&#8221;simple-square-element simple-square-element-with-text&#8221; offset=&#8221;vc_col-lg-4 vc_col-md-4 vc_col-sm-12 vc_col-xs-12&#8243;][vc_single_image image=&#8221;12314&#8243; img_size=&#8221;full&#8221;]<div id=\"ins-heading-69e506e0b7269\" class=\"inv-section-heading-wrapper text-left position-relative  \"><div class=\"inv-section-heading-title padding-15px-bottom\"><h4 style=\"color: #333333\"  class=\"ins-section-heading-title-inner no-margin  font-weight-600\">Sta\u0142y rozw\u00f3j<\/h4><\/div><\/div><script type=\"text\/javascript\">\n\t\t(function(jQuery) {jQuery(\"head\").append(\"<style>#ins-heading-69e506e0b7269 .ins-section-heading-title-inner {font-size: 24px; line-height:34px;}<\/style>\")\n\t\t\t\t\t})(jQuery);\n\t\t\t\t\t\t<\/script>[vc_column_text css=&#8221;&#8221;]Znamy dynamik\u0119 zmian w bran\u017cy e-commerce i stale podnosimy swoje kwalifikacje. W 2024 roku obs\u0142u\u017cyli\u015bmy ponad<strong> 1 590 000 przesy\u0142ek<\/strong>. Dzi\u015b jeste\u015bmy gotowi na wi\u0119cej.[\/vc_column_text][\/vc_column][\/vc_row][\/vc_section][vc_section css=&#8221;.vc_custom_1650442879326{margin-bottom: 130px !important;}&#8221;][vc_row content_placement=&#8221;middle&#8221;][vc_column width=&#8221;1\/2&#8243; css=&#8221;.vc_custom_1650459522325{padding-right: 80px !important;padding-left: 50px !important;}&#8221;]<div id=\"ins-heading-69e506e0b7273\" class=\"inv-section-heading-wrapper text-left position-relative  \"><div class=\"inv-section-heading-title padding-15px-bottom\"><h2 style=\"color: #343434\"  class=\"ins-section-heading-title-inner no-margin  font-weight-700\"><strong>Don\u2019t worry be HOPI.<\/strong> Rozwijaj sw\u00f3j biznes bez zmartwie\u0144.<\/h2><\/div><\/div><script type=\"text\/javascript\">\n\t\t(function(jQuery) {jQuery(\"head\").append(\"<style>#ins-heading-69e506e0b7273 .ins-section-heading-title-inner {font-size: 44px; line-height:54px;}<\/style>\")\n\t\t\t\t\t})(jQuery);\n\t\t\t\t\t\t<\/script>[vc_column_text]Jeste\u015bmy solidnym wsparciem dla rozwoju omnichannel i sprzeda\u017cy bezpo\u015bredniej w kanale internetowym. Pracujemy na zaawansowanym systemie magazynowym WMS gwarantuj\u0105cym szybk\u0105 i precyzyjn\u0105 realizacj\u0119 zam\u00f3wie\u0144.[\/vc_column_text][vc_btn title=&#8221;Zobacz nasze us\u0142ugi&#8221; shape=&#8221;round&#8221; color=&#8221;success&#8221; el_class=&#8221;default-button&#8221; link=&#8221;url:https%3A%2F%2Fehopi.pl%2Fmagazynowanie%2F&#8221;][\/vc_column][vc_column width=&#8221;1\/2&#8243;][vc_single_image image=&#8221;12154&#8243; img_size=&#8221;full&#8221;][\/vc_column][\/vc_row][\/vc_section][vc_section css=&#8221;.vc_custom_1650442879326{margin-bottom: 130px !important;}&#8221;][vc_row content_placement=&#8221;middle&#8221;][vc_column width=&#8221;1\/2&#8243;][vc_single_image image=&#8221;12155&#8243; img_size=&#8221;full&#8221;][\/vc_column][vc_column width=&#8221;1\/2&#8243; css=&#8221;.vc_custom_1650459527040{padding-right: 50px !important;padding-left: 80px !important;}&#8221;]<div id=\"ins-heading-69e506e0b727c\" class=\"inv-section-heading-wrapper text-left position-relative  \"><div class=\"inv-section-heading-title padding-15px-bottom\"><h2 style=\"color: #343434\"  class=\"ins-section-heading-title-inner no-margin  font-weight-700\"><strong>Pracujemy 24\/7 -<\/strong> Ty \u015bpij spokojnie<\/h2><\/div><\/div><script type=\"text\/javascript\">\n\t\t(function(jQuery) {jQuery(\"head\").append(\"<style>#ins-heading-69e506e0b727c .ins-section-heading-title-inner {font-size: 44px; line-height:54px;}<\/style>\")\n\t\t\t\t\t})(jQuery);\n\t\t\t\t\t\t<\/script>[vc_column_text]Odbieramy dostawy, magazynujemy, kompletujemy zam\u00f3wienia, pakujemy i wysy\u0142amy do kontrahent\u00f3w. Mo\u017cemy zaj\u0105\u0107 si\u0119 tak\u017ce obs\u0142ug\u0105 reklamacji i zwrot\u00f3w. Zajmij si\u0119 tym, co w prowadzeniu biznesu online jest dla Ciebie najwa\u017cniejsze, a my zadbamy o reszt\u0119.[\/vc_column_text][vc_btn title=&#8221;Skontaktuj si\u0119 z nami&#8221; shape=&#8221;round&#8221; color=&#8221;success&#8221; el_class=&#8221;default-button&#8221; link=&#8221;url:https%3A%2F%2Fehopi.pl%2Fkontakt%2F&#8221;][\/vc_column][\/vc_row][\/vc_section][vc_section css=&#8221;.vc_custom_1650442879326{margin-bottom: 130px !important;}&#8221;][vc_row content_placement=&#8221;middle&#8221;][vc_column width=&#8221;1\/2&#8243; css=&#8221;.vc_custom_1650459532218{padding-right: 80px !important;padding-left: 50px !important;}&#8221;]<div id=\"ins-heading-69e506e0b7285\" class=\"inv-section-heading-wrapper text-left position-relative  \"><div class=\"inv-section-heading-title padding-15px-bottom\"><h2 style=\"color: #343434\"  class=\"ins-section-heading-title-inner no-margin  font-weight-700\"><strong>Nie musisz by\u0107 logistykiem<\/strong> - zostaw to nam!<\/h2><\/div><\/div><script type=\"text\/javascript\">\n\t\t(function(jQuery) {jQuery(\"head\").append(\"<style>#ins-heading-69e506e0b7285 .ins-section-heading-title-inner {font-size: 44px; line-height:54px;}<\/style>\")\n\t\t\t\t\t})(jQuery);\n\t\t\t\t\t\t<\/script>[vc_column_text]Naszym nadrz\u0119dnym celem jest wsparcie Twojego biznesu. Powierzaj\u0105c eHOPI ca\u0142o\u015b\u0107 procesu logistycznego mo\u017cesz skupi\u0107 si\u0119 na prowadzeniu w\u0142asnej dzia\u0142alno\u015bci. Stawiamy na profesjonalizm i kompleksowe rozwi\u0105zania, dlatego decyduj\u0105c si\u0119 na wsp\u00f3\u0142prac\u0119 z nami, mo\u017cesz mie\u0107 pewno\u015b\u0107, \u017ce dopasujemy nasze us\u0142ugi do Twoich potrzeb.[\/vc_column_text][vc_btn title=&#8221;Masz pytanie? Napisz do nas&#8221; shape=&#8221;round&#8221; color=&#8221;success&#8221; el_class=&#8221;default-button&#8221; link=&#8221;url:https%3A%2F%2Fehopi.pl%2Fkontakt%2F&#8221;][\/vc_column][vc_column width=&#8221;1\/2&#8243;][vc_single_image image=&#8221;12192&#8243; img_size=&#8221;full&#8221;][\/vc_column][\/vc_row][\/vc_section]<\/p>\n<\/div>","protected":false},"excerpt":{"rendered":"<p>[vc_section css=&#8221;.vc_custom_1650442033933{margin-top: 200px !important;margin-bottom: 100px !important;}&#8221;][vc_row][vc_column width=&#8221;5\/12&#8243;][\/vc_column][vc_column width=&#8221;7\/12&#8243;][vc_column_text]Jeste\u015bmy cz\u0119\u015bci\u0105 holdingu HOPI, istniej\u0105cego na rynku od trzydziestu lat. Mo\u017cemy pochwali\u0107 si\u0119 wieloletni\u0105 wsp\u00f3\u0142prac\u0105 z takimi markami [&hellip;]<\/p>\n","protected":false},"author":6,"featured_media":0,"parent":0,"menu_order":0,"comment_status":"closed","ping_status":"closed","template":"","meta":{"inline_featured_image":false,"footnotes":""},"class_list":["post-12153","page","type-page","status-publish","hentry"],"translation":{"provider":"WPGlobus","version":"3.0.1","language":"en","enabled_languages":["pl","en"],"languages":{"pl":{"title":true,"content":true,"excerpt":false},"en":{"title":true,"content":false,"excerpt":false}}},"yoast_head":"<!-- This site is optimized with the Yoast SEO plugin v26.8 - https:\/\/yoast.com\/product\/yoast-seo-wordpress\/ -->\n<title>Dlaczego wybra\u0107 eHopi? - eHopi<\/title>\n<meta name=\"robots\" content=\"index, follow, max-snippet:-1, max-image-preview:large, max-video-preview:-1\" \/>\n<link rel=\"canonical\" href=\"https:\/\/ehopi.pl\/dlaczego-ehopi\/\" \/>\n<meta property=\"og:locale\" content=\"en_US\" \/>\n<meta property=\"og:type\" content=\"article\" \/>\n<meta property=\"og:title\" content=\"Why eHopi? - eHopi\" \/>\n<meta property=\"og:url\" content=\"https:\/\/ehopi.pl\/dlaczego-ehopi\/\" \/>\n<meta property=\"og:site_name\" content=\"eHopi\" \/>\n<meta property=\"article:modified_time\" content=\"2025-03-27T08:14:51+00:00\" \/>\n<meta name=\"twitter:card\" content=\"summary_large_image\" \/>\n<meta name=\"twitter:label1\" content=\"Est. reading time\" \/>\n\t<meta name=\"twitter:data1\" content=\"6 minutes\" \/>\n<script type=\"application\/ld+json\" class=\"yoast-schema-graph\">{\"@context\":\"https:\/\/schema.org\",\"@graph\":[{\"@type\":\"WebPage\",\"@id\":\"https:\/\/ehopi.pl\/dlaczego-ehopi\/\",\"url\":\"https:\/\/ehopi.pl\/dlaczego-ehopi\/\",\"name\":\"Dlaczego wybra\u0107 eHopi? - eHopi\",\"isPartOf\":{\"@id\":\"https:\/\/ehopi.pl\/#website\"},\"datePublished\":\"2022-04-20T09:29:30+00:00\",\"dateModified\":\"2025-03-27T08:14:51+00:00\",\"description\":\"eHopi to profesjonalne us\u0142ugi logistyczne dla bran\u017cy e-commerce. Magazynowanie, konfekcjonowanie, fulfillment. Sprawd\u017a nas!\",\"breadcrumb\":{\"@id\":\"https:\/\/ehopi.pl\/dlaczego-ehopi\/#breadcrumb\"},\"inLanguage\":\"en-US\",\"potentialAction\":[{\"@type\":\"ReadAction\",\"target\":[\"https:\/\/ehopi.pl\/dlaczego-ehopi\/\"]}]},{\"@type\":\"BreadcrumbList\",\"@id\":\"https:\/\/ehopi.pl\/dlaczego-ehopi\/#breadcrumb\",\"itemListElement\":[{\"@type\":\"ListItem\",\"position\":1,\"name\":\"Strona g\u0142\u00f3wna\",\"item\":\"https:\/\/ehopi.pl\/\"},{\"@type\":\"ListItem\",\"position\":2,\"name\":\"Dlaczego eHopi\"}]},{\"@type\":\"WebSite\",\"@id\":\"https:\/\/ehopi.pl\/#website\",\"url\":\"https:\/\/ehopi.pl\/\",\"name\":\"eHopi\",\"description\":\"Obs\u0142uga logistyczna i fulfillment dla e-commerce\",\"publisher\":{\"@id\":\"https:\/\/ehopi.pl\/#organization\"},\"potentialAction\":[{\"@type\":\"SearchAction\",\"target\":{\"@type\":\"EntryPoint\",\"urlTemplate\":\"https:\/\/ehopi.pl\/?s={search_term_string}\"},\"query-input\":{\"@type\":\"PropertyValueSpecification\",\"valueRequired\":true,\"valueName\":\"search_term_string\"}}],\"inLanguage\":\"en-US\"},{\"@type\":\"Organization\",\"@id\":\"https:\/\/ehopi.pl\/#organization\",\"name\":\"eHopi\",\"url\":\"https:\/\/ehopi.pl\/\",\"logo\":{\"@type\":\"ImageObject\",\"inLanguage\":\"en-US\",\"@id\":\"https:\/\/ehopi.pl\/#\/schema\/logo\/image\/\",\"url\":\"https:\/\/ehopi.pl\/wp-content\/uploads\/2022\/04\/E-hopi-logo-green-1.png\",\"contentUrl\":\"https:\/\/ehopi.pl\/wp-content\/uploads\/2022\/04\/E-hopi-logo-green-1.png\",\"width\":434,\"height\":434,\"caption\":\"eHopi\"},\"image\":{\"@id\":\"https:\/\/ehopi.pl\/#\/schema\/logo\/image\/\"}}]}<\/script>\n<!-- \/ Yoast SEO plugin. -->","yoast_head_json":{"title":"Dlaczego wybra\u0107 eHopi? - eHopi","robots":{"index":"index","follow":"follow","max-snippet":"max-snippet:-1","max-image-preview":"max-image-preview:large","max-video-preview":"max-video-preview:-1"},"canonical":"https:\/\/ehopi.pl\/dlaczego-ehopi\/","og_locale":"en_US","og_type":"article","og_title":"Why eHopi? - eHopi","og_url":"https:\/\/ehopi.pl\/dlaczego-ehopi\/","og_site_name":"eHopi","article_modified_time":"2025-03-27T08:14:51+00:00","twitter_card":"summary_large_image","twitter_misc":{"Est. reading time":"6 minutes"},"schema":{"@context":"https:\/\/schema.org","@graph":[{"@type":"WebPage","@id":"https:\/\/ehopi.pl\/dlaczego-ehopi\/","url":"https:\/\/ehopi.pl\/dlaczego-ehopi\/","name":"Dlaczego wybra\u0107 eHopi? - eHopi","isPartOf":{"@id":"https:\/\/ehopi.pl\/#website"},"datePublished":"2022-04-20T09:29:30+00:00","dateModified":"2025-03-27T08:14:51+00:00","description":"eHopi to profesjonalne us\u0142ugi logistyczne dla bran\u017cy e-commerce. Magazynowanie, konfekcjonowanie, fulfillment. Sprawd\u017a nas!","breadcrumb":{"@id":"https:\/\/ehopi.pl\/dlaczego-ehopi\/#breadcrumb"},"inLanguage":"en-US","potentialAction":[{"@type":"ReadAction","target":["https:\/\/ehopi.pl\/dlaczego-ehopi\/"]}]},{"@type":"BreadcrumbList","@id":"https:\/\/ehopi.pl\/dlaczego-ehopi\/#breadcrumb","itemListElement":[{"@type":"ListItem","position":1,"name":"Strona g\u0142\u00f3wna","item":"https:\/\/ehopi.pl\/"},{"@type":"ListItem","position":2,"name":"Dlaczego eHopi"}]},{"@type":"WebSite","@id":"https:\/\/ehopi.pl\/#website","url":"https:\/\/ehopi.pl\/","name":"eHopi","description":"Obs\u0142uga logistyczna i fulfillment dla e-commerce","publisher":{"@id":"https:\/\/ehopi.pl\/#organization"},"potentialAction":[{"@type":"SearchAction","target":{"@type":"EntryPoint","urlTemplate":"https:\/\/ehopi.pl\/?s={search_term_string}"},"query-input":{"@type":"PropertyValueSpecification","valueRequired":true,"valueName":"search_term_string"}}],"inLanguage":"en-US"},{"@type":"Organization","@id":"https:\/\/ehopi.pl\/#organization","name":"eHopi","url":"https:\/\/ehopi.pl\/","logo":{"@type":"ImageObject","inLanguage":"en-US","@id":"https:\/\/ehopi.pl\/#\/schema\/logo\/image\/","url":"https:\/\/ehopi.pl\/wp-content\/uploads\/2022\/04\/E-hopi-logo-green-1.png","contentUrl":"https:\/\/ehopi.pl\/wp-content\/uploads\/2022\/04\/E-hopi-logo-green-1.png","width":434,"height":434,"caption":"eHopi"},"image":{"@id":"https:\/\/ehopi.pl\/#\/schema\/logo\/image\/"}}]}},"_links":{"self":[{"href":"https:\/\/ehopi.pl\/en\/wp-json\/wp\/v2\/pages\/12153","targetHints":{"allow":["GET"]}}],"collection":[{"href":"https:\/\/ehopi.pl\/en\/wp-json\/wp\/v2\/pages"}],"about":[{"href":"https:\/\/ehopi.pl\/en\/wp-json\/wp\/v2\/types\/page"}],"author":[{"embeddable":true,"href":"https:\/\/ehopi.pl\/en\/wp-json\/wp\/v2\/users\/6"}],"replies":[{"embeddable":true,"href":"https:\/\/ehopi.pl\/en\/wp-json\/wp\/v2\/comments?post=12153"}],"version-history":[{"count":2,"href":"https:\/\/ehopi.pl\/en\/wp-json\/wp\/v2\/pages\/12153\/revisions"}],"predecessor-version":[{"id":13908,"href":"https:\/\/ehopi.pl\/en\/wp-json\/wp\/v2\/pages\/12153\/revisions\/13908"}],"wp:attachment":[{"href":"https:\/\/ehopi.pl\/en\/wp-json\/wp\/v2\/media?parent=12153"}],"curies":[{"name":"wp","href":"https:\/\/api.w.org\/{rel}","templated":true}]}}