{"id":12399,"date":"2022-04-26T13:12:15","date_gmt":"2022-04-26T11:12:15","guid":{"rendered":"https:\/\/ehopi.pl\/?page_id=12399"},"modified":"2025-06-12T12:53:13","modified_gmt":"2025-06-12T10:53:13","slug":"systemy-zarzadzania-magazynem","status":"publish","type":"page","link":"https:\/\/ehopi.pl\/en\/systems\/","title":{"rendered":"Systems"},"content":{"rendered":"<div class=\"wpb-content-wrapper\"><p>[vc_section css=&#8221;.vc_custom_1650442033933{margin-top: 200px !important;margin-bottom: 100px !important;}&#8221;][vc_row][vc_column width=&#8221;5\/12&#8243;]<div id=\"ins-heading-69d9132e0d31d\" class=\"inv-section-heading-wrapper text-left position-relative  \"><div class=\"inv-section-heading-title padding-15px-bottom\"><h1 style=\"color: #343434\"  class=\"ins-section-heading-title-inner no-margin  font-weight-700\">Systemy zarz\u0105dzania magazynem <strong> WMS<\/strong><\/h1><\/div><\/div><script type=\"text\/javascript\">\n\t\t(function(jQuery) {jQuery(\"head\").append(\"<style>#ins-heading-69d9132e0d31d .ins-section-heading-title-inner {font-size: 44px; line-height:54px;}<\/style>\")\n\t\t\t\t\t})(jQuery);\n\t\t\t\t\t\t<\/script>[vc_btn title=&#8221;Porozmawiaj z ekspertem: 724 882 800&#8243; color=&#8221;success&#8221; size=&#8221;lg&#8221; css=&#8221;.vc_custom_1742981351909{margin-top: 40px !important;}&#8221; link=&#8221;url:tel%3A%2B48724882800&#8243; el_class=&#8221;default-button&#8221;][\/vc_column][vc_column width=&#8221;7\/12&#8243;][vc_column_text css=&#8221;&#8221;]<\/p>\n<p data-pm-slice=\"1 1 []\">System zarz\u0105dzania magazynem (Warehouse Management System &#8211; <strong>WMS<\/strong>) to nowoczesne oprogramowanie wspieraj\u0105ce wszystkie procesy logistyczne zachodz\u0105ce w magazynie. Umo\u017cliwia on <strong>bie\u017c\u0105ce zarz\u0105dzanie towarami,<\/strong> kontrol\u0119 <strong>stan\u00f3w magazynowych<\/strong>, zarz\u0105dzanie<strong> lokalizacjami sk\u0142adowania<\/strong> oraz <strong>optymalizacj\u0119 pracy zespo\u0142u magazynowego<\/strong>.<\/p>\n<p>W eHopi stosujemy zaawansowany <strong>system WMS Logifact<\/strong>, kt\u00f3ry pozwala na pe\u0142n\u0105 kontrol\u0119 i elastyczno\u015b\u0107 w obs\u0142udze towar\u00f3w w ramach <a href=\"https:\/\/ehopi.pl\/fulfillment-dla-ecommerce\/\">us\u0142ug fulfillment dla e-commerce<\/a>.<\/p>\n<p>Dzi\u0119ki naszym rozwi\u0105zaniom w zakresie logistyki i zarz\u0105dzania magazynem, <strong>mo\u017cesz by\u0107 spokojny nawet w najbardziej nieprzewidywalnych okoliczno\u015bciach<\/strong>, takich jak pandemia. Nasze systemy s\u0105 zaprojektowane tak, aby zapewni\u0107 <strong>ci\u0105g\u0142o\u015b\u0107 i efektywno\u015b\u0107 Twoich operacji magazynowych<\/strong>, niezale\u017cnie od zewn\u0119trznych czynnik\u00f3w. Z nami, Tw\u00f3j magazyn jest w dobrych r\u0119kach, <strong>co pozwoli Ci skupi\u0107 si\u0119 na rozwijaniu Twojego biznesu<\/strong>, maj\u0105c pewno\u015b\u0107, \u017ce logistyka stoi na najwy\u017cszym poziomie.[\/vc_column_text][\/vc_column][\/vc_row][\/vc_section][vc_section full_width=&#8221;stretch_row&#8221; css=&#8221;.vc_custom_1650975145879{margin-bottom: 100px !important;background-image: url(https:\/\/ehopi.pl\/wp-content\/uploads\/2022\/04\/sysbeg.jpg?id=12417) !important;background-position: center !important;background-repeat: no-repeat !important;background-size: cover !important;}&#8221;][vc_row][vc_column][vc_empty_space height=&#8221;400&#8243;][\/vc_column][\/vc_row][\/vc_section][vc_section css=&#8221;.vc_custom_1650442879326{margin-bottom: 130px !important;}&#8221;][vc_row][vc_column width=&#8221;5\/12&#8243;]<div id=\"ins-heading-69d9132e0d330\" class=\"inv-section-heading-wrapper text-left position-relative  \"><div class=\"inv-section-heading-title padding-15px-bottom\"><h2 style=\"color: #343434\"  class=\"ins-section-heading-title-inner no-margin  font-weight-700\">Jak dzia\u0142a <strong>system zarz\u0105dzania magazynem<\/strong> w eHopi?<\/h2><\/div><\/div><script type=\"text\/javascript\">\n\t\t(function(jQuery) {jQuery(\"head\").append(\"<style>#ins-heading-69d9132e0d330 .ins-section-heading-title-inner {font-size: 34px; line-height:44px;}<\/style>\")\n\t\t\t\t\t})(jQuery);\n\t\t\t\t\t\t<\/script>[vc_btn title=&#8221;Porozmawiaj z ekspertem: 724 882 800&#8243; color=&#8221;success&#8221; size=&#8221;lg&#8221; align=&#8221;center&#8221; css=&#8221;.vc_custom_1742981960530{margin-top: 40px !important;}&#8221; link=&#8221;url:tel%3A%2B48724882800&#8243; el_class=&#8221;default-button&#8221;][\/vc_column][vc_column width=&#8221;7\/12&#8243;][vc_column_text css=&#8221;&#8221;]Aby wspiera\u0107 wzrost Twojego biznesu, wdro\u017cyli\u015bmy <strong>inteligentne systemy zarz\u0105dzania magazynem &#8211; WMS Logifact, <\/strong>pozwalaj\u0105cy na znaczne usprawnienie wszelkich proces\u00f3w logistycznych. W eHopi system WMS Logifact pozwala nam:[\/vc_column_text]<div id='ins-list-icon-69d9132e0d356' class='ins-simple-icon-list margin-35px-bottom ins-icon-list-simple list-icon-small select  '><ul class='ins-simple-icon-list-inner list-style-none no-padding'><li class='ins-list-style margin-10px-bottom position-relative'><i class='ins-icon-list-icon margin-10px-right display-inline-block position-absolute left-0 fas fa-angle-right'><\/i> zarz\u0105dza\u0107 ponad <strong>50 000 lokacji magazynowych<\/strong><\/li><li class='ins-list-style margin-10px-bottom position-relative'><i class='ins-icon-list-icon margin-10px-right display-inline-block position-absolute left-0 fas fa-angle-right'><\/i> <\/li><li class='ins-list-style margin-10px-bottom position-relative'><i class='ins-icon-list-icon margin-10px-right display-inline-block position-absolute left-0 fas fa-angle-right'><\/i> przetwarza\u0107 dziennie <strong>do 40 000 linii zlece\u0144<\/strong><\/li><li class='ins-list-style margin-10px-bottom position-relative'><i class='ins-icon-list-icon margin-10px-right display-inline-block position-absolute left-0 fas fa-angle-right'><\/i> <\/li><li class='ins-list-style margin-10px-bottom position-relative'><i class='ins-icon-list-icon margin-10px-right display-inline-block position-absolute left-0 fas fa-angle-right'><\/i> efektywnie wysy\u0142a\u0107 <strong>kilkadziesi\u0105t samochod\u00f3w dziennie<\/strong><\/li><li class='ins-list-style margin-10px-bottom position-relative'><i class='ins-icon-list-icon margin-10px-right display-inline-block position-absolute left-0 fas fa-angle-right'><\/i> <\/li><li class='ins-list-style margin-10px-bottom position-relative'><i class='ins-icon-list-icon margin-10px-right display-inline-block position-absolute left-0 fas fa-angle-right'><\/i> utrzymywa\u0107 porz\u0105dek i pe\u0142n\u0105 kontrol\u0119 nad ka\u017cdym produktem.<\/li><\/ul><\/div><script type=\"text\/javascript\">\n\t\t(function(jQuery) {\n\t\t\t\t\t})(jQuery);\n\t\t\t\t\t\t<\/script>[vc_column_text css=&#8221;&#8221;]<\/p>\n<p data-pm-slice=\"1 1 []\">Dzi\u0119ki systemowi WMS mo\u017cliwe jest b\u0142yskawiczne lokalizowanie towaru, planowanie tras kompletacyjnych, <a href=\"https:\/\/ehopi.pl\/zarzadzanie-zwrotami-e-commerce\/\">zarz\u0105dzanie zwrotami<\/a> oraz obs\u0142uga akcji promocyjnych i sezonowych wzrost\u00f3w sprzeda\u017cy. To rozwi\u0105zanie, kt\u00f3re wspiera nie tylko magazynier\u00f3w, ale ca\u0142y ekosystem e-commerce.<\/p>\n<p>[\/vc_column_text][\/vc_column][\/vc_row][\/vc_section][vc_section css=&#8221;.vc_custom_1650021958108{margin-bottom: 200px !important;}&#8221;][vc_row el_class=&#8221;services-for-business&#8221;][vc_column width=&#8221;1\/3&#8243; el_class=&#8221;service-for-business-element service-image-5&#8243;][vc_single_image image=&#8221;12404&#8243; img_size=&#8221;full&#8221;]<div id=\"ins-heading-69d9132e0d364\" class=\"inv-section-heading-wrapper text-left position-relative  \"><div class=\"inv-section-heading-title padding-15px-bottom\"><h4 style=\"color: #ffffff\"  class=\"ins-section-heading-title-inner no-margin  font-weight-600\">Zawsze na bie\u017c\u0105co:<\/h4><\/div><\/div><script type=\"text\/javascript\">\n\t\t(function(jQuery) {jQuery(\"head\").append(\"<style>#ins-heading-69d9132e0d364 .ins-section-heading-title-inner {font-size: 24px; line-height:34px;}<\/style>\")\n\t\t\t\t\t})(jQuery);\n\t\t\t\t\t\t<\/script>[vc_column_text css=&#8221;&#8221; el_class=&#8221;services-list&#8221;]Dzi\u0119ki naszym systemom zarz\u0105dzania magazynem mo\u017cemy regularnie przeprowadza\u0107 inwentaryzacje. Kontrolujemy stany magazynowe, zar\u00f3wno pod wzgl\u0119dem lokalizacji, jak i ilo\u015bci produkt\u00f3w czy pochodzenia towaru. Wdro\u017cony przez nas system WMS ma tak\u017ce realne prze\u0142o\u017cenie na usprawnienie komunikacji mi\u0119dzy danymi procesami. Dzi\u0119ki temu zawsze jeste\u015bmy dobrze poinformowani, a Ty razem z nami.[\/vc_column_text][\/vc_column][vc_column width=&#8221;1\/3&#8243; el_class=&#8221;service-for-business-element service-image-6&#8243;][vc_single_image image=&#8221;12405&#8243; img_size=&#8221;full&#8221;]<div id=\"ins-heading-69d9132e0d36f\" class=\"inv-section-heading-wrapper text-left position-relative  \"><div class=\"inv-section-heading-title padding-15px-bottom\"><h4 style=\"color: #ffffff\"  class=\"ins-section-heading-title-inner no-margin  font-weight-600\">Szybko\u015b\u0107 i precyzja<\/h4><\/div><\/div><script type=\"text\/javascript\">\n\t\t(function(jQuery) {jQuery(\"head\").append(\"<style>#ins-heading-69d9132e0d36f .ins-section-heading-title-inner {font-size: 24px; line-height:34px;}<\/style>\")\n\t\t\t\t\t})(jQuery);\n\t\t\t\t\t\t<\/script>[vc_column_text css=&#8221;&#8221; el_class=&#8221;services-list&#8221;]Za spraw\u0105 systemu WMS Logifact \u015bwiadczymy us\u0142ugi na najwy\u017cszym poziomie \u2013 tutaj nie ma miejsca na b\u0142\u0119dy czy op\u00f3\u017anienia w dostawach.[\/vc_column_text][\/vc_column][vc_column width=&#8221;1\/3&#8243; el_class=&#8221;service-for-business-element service-image-7&#8243;][vc_single_image image=&#8221;12406&#8243; img_size=&#8221;full&#8221;]<div id=\"ins-heading-69d9132e0d377\" class=\"inv-section-heading-wrapper text-left position-relative  \"><div class=\"inv-section-heading-title padding-15px-bottom\"><h4 style=\"color: #ffffff\"  class=\"ins-section-heading-title-inner no-margin  font-weight-600\">Rentowno\u015b\u0107<\/h4><\/div><\/div><script type=\"text\/javascript\">\n\t\t(function(jQuery) {jQuery(\"head\").append(\"<style>#ins-heading-69d9132e0d377 .ins-section-heading-title-inner {font-size: 24px; line-height:34px;}<\/style>\")\n\t\t\t\t\t})(jQuery);\n\t\t\t\t\t\t<\/script>[vc_column_text el_class=&#8221;services-list&#8221;]Wdro\u017cone przez nas systemy logistyczne i magazynowe to tak\u017ce optymalizacja koszt\u00f3w operacyjnych i wykorzystania zasob\u00f3w ludzkich, co ma realny wp\u0142yw na Twoje wydatki.[\/vc_column_text][\/vc_column][\/vc_row][\/vc_section][vc_row][vc_column width=&#8221;2\/3&#8243;]<div id=\"ins-heading-69d9132e0d380\" class=\"inv-section-heading-wrapper text-left position-relative  \"><div class=\"inv-section-heading-title padding-15px-bottom\"><h2 style=\"color: #343434\"  class=\"ins-section-heading-title-inner no-margin  font-weight-700\">Dlaczego warto korzysta\u0107 z <strong>systemu zarz\u0105dzania magazynem<\/strong> WMS?<\/h2><\/div><\/div><script type=\"text\/javascript\">\n\t\t(function(jQuery) {jQuery(\"head\").append(\"<style>#ins-heading-69d9132e0d380 .ins-section-heading-title-inner {font-size: 34px; line-height:44px;}<\/style>\")\n\t\t\t\t\t})(jQuery);\n\t\t\t\t\t\t<\/script>[vc_column_text css=&#8221;&#8221;]<\/p>\n<p data-pm-slice=\"1 1 []\">Wsp\u00f3\u0142czesny handel internetowy wymaga precyzji, szybko\u015bci i doskona\u0142ej organizacji. <strong>System zarz\u0105dzania magazynem WMS<\/strong> zapewnia:<\/p>\n<ul data-spread=\"false\">\n<li><strong>automatyzacj\u0119 proces\u00f3w magazynowych<\/strong> &#8211; od przyj\u0119cia towaru po jego wydanie,<\/li>\n<li><strong>bie\u017c\u0105c\u0105 aktualizacj\u0119 stan\u00f3w magazynowych<\/strong>,<\/li>\n<li><strong>kompletacj\u0119 zam\u00f3wie\u0144 bez pomy\u0142ek<\/strong>,<\/li>\n<li><strong>szybsze przetwarzanie zlece\u0144<\/strong>,<\/li>\n<li><strong>monitoring i analityk\u0119 w czasie rzeczywistym<\/strong>.<\/li>\n<\/ul>\n<p>System WMS to nie tylko narz\u0119dzie, ale realna przewaga konkurencyjna dla Twojego sklepu internetowego.[\/vc_column_text]<div id=\"ins-heading-69d9132e0d387\" class=\"inv-section-heading-wrapper text-left position-relative  \"><div class=\"inv-section-heading-title padding-15px-bottom\"><h3 style=\"color: #343434\"  class=\"ins-section-heading-title-inner no-margin  font-weight-700\"><strong>System WMS<\/strong> - zalety wdro\u017cenia systemu WMS dla e-commerce<\/h3><\/div><\/div><script type=\"text\/javascript\">\n\t\t(function(jQuery) {jQuery(\"head\").append(\"<style>#ins-heading-69d9132e0d387 .ins-section-heading-title-inner {font-size: 28px; line-height:38px;}<\/style>\")\n\t\t\t\t\t})(jQuery);\n\t\t\t\t\t\t<\/script>[vc_column_text css=&#8221;&#8221;]<\/p>\n<p data-pm-slice=\"1 3 []\">Wdro\u017cenie <strong>systemu zarz\u0105dzania magazynem WMS<\/strong> w eHopi to:<\/p>\n<ul data-spread=\"false\">\n<li><strong>mniej b\u0142\u0119d\u00f3w<\/strong> \u2013 wi\u0119ksza dok\u0142adno\u015b\u0107 kompletacji zam\u00f3wie\u0144,<\/li>\n<li><strong>wi\u0119ksza wydajno\u015b\u0107<\/strong> \u2013 automatyzacja przyspiesza ka\u017cdy etap procesu,<\/li>\n<li><strong>ni\u017csze koszty<\/strong> \u2013 lepsze zarz\u0105dzanie przestrzeni\u0105 i zasobami,<\/li>\n<li><strong>lepsze decyzje<\/strong> \u2013 dane z systemu wspieraj\u0105 analiz\u0119 i planowanie,<\/li>\n<li><strong>pe\u0142na integracja<\/strong> z platformami e-commerce i systemami ERP.<\/li>\n<\/ul>\n<p>[\/vc_column_text][\/vc_column][vc_column width=&#8221;1\/3&#8243;][vc_btn title=&#8221;Porozmawiaj z ekspertem: 724 882 800&#8243; color=&#8221;success&#8221; size=&#8221;lg&#8221; align=&#8221;center&#8221; css=&#8221;.vc_custom_1742981960530{margin-top: 40px !important;}&#8221; link=&#8221;url:tel%3A%2B48724882800&#8243; el_class=&#8221;default-button&#8221;]<div id=\"ins-heading-69d9132e0d38d\" class=\"inv-section-heading-wrapper text-left position-relative  \"><div class=\"inv-section-heading-title padding-15px-bottom\"><h3 style=\"color: #343434\"  class=\"ins-section-heading-title-inner no-margin  font-weight-700\">Darmowa wycena<\/h3><\/div><div style=\"background-color: #343434\" class=\"inv-section-heading-separator\"><!--separator--><\/div><\/div><script type=\"text\/javascript\">\n\t\t(function(jQuery) {jQuery(\"head\").append(\"<style>#ins-heading-69d9132e0d38d .ins-section-heading-title-inner {font-size: 22px; line-height:32px;}<\/style>\")\n\t\t\t\t\t})(jQuery);\n\t\t\t\t\t\t<\/script>[vc_raw_html css=&#8221;&#8221;]JTVCY29udGFjdC1mb3JtLTclMjBpZCUzRCUyMjYxOWE3NTElMjIlMjB0aXRsZSUzRCUyMlN0cm9uYSUyMGtvbnRha3QlMjIlNUQ=[\/vc_raw_html][\/vc_column][\/vc_row]<\/p>\n<\/div>","protected":false},"excerpt":{"rendered":"<p>[vc_section css=&#8221;.vc_custom_1650442033933{margin-top: 200px !important;margin-bottom: 100px !important;}&#8221;][vc_row][vc_column width=&#8221;5\/12&#8243;][vc_btn title=&#8221;Porozmawiaj z ekspertem: 724 882 800&#8243; color=&#8221;success&#8221; size=&#8221;lg&#8221; css=&#8221;.vc_custom_1742981351909{margin-top: 40px !important;}&#8221; link=&#8221;url:tel%3A%2B48724882800&#8243; el_class=&#8221;default-button&#8221;][\/vc_column][vc_column width=&#8221;7\/12&#8243;][vc_column_text css=&#8221;&#8221;] System zarz\u0105dzania magazynem [&hellip;]<\/p>\n","protected":false},"author":6,"featured_media":0,"parent":0,"menu_order":0,"comment_status":"closed","ping_status":"closed","template":"","meta":{"inline_featured_image":false,"footnotes":""},"class_list":["post-12399","page","type-page","status-publish","hentry"],"translation":{"provider":"WPGlobus","version":"3.0.1","language":"en","enabled_languages":["pl","en"],"languages":{"pl":{"title":true,"content":true,"excerpt":false},"en":{"title":true,"content":false,"excerpt":false}}},"yoast_head":"<!-- This site is optimized with the Yoast SEO plugin v26.8 - https:\/\/yoast.com\/product\/yoast-seo-wordpress\/ -->\n<title>Systems - eHopi<\/title>\n<meta name=\"robots\" content=\"index, follow, max-snippet:-1, max-image-preview:large, max-video-preview:-1\" \/>\n<link rel=\"canonical\" href=\"https:\/\/ehopi.pl\/systemy-zarzadzania-magazynem\/\" \/>\n<meta property=\"og:locale\" content=\"en_US\" \/>\n<meta property=\"og:type\" content=\"article\" \/>\n<meta property=\"og:title\" content=\"Systems - eHopi\" \/>\n<meta property=\"og:url\" content=\"https:\/\/ehopi.pl\/systemy-zarzadzania-magazynem\/\" \/>\n<meta property=\"og:site_name\" content=\"eHopi\" \/>\n<meta property=\"article:modified_time\" content=\"2025-06-12T10:53:13+00:00\" \/>\n<meta name=\"twitter:card\" content=\"summary_large_image\" \/>\n<meta name=\"twitter:label1\" content=\"Est. reading time\" \/>\n\t<meta name=\"twitter:data1\" content=\"3 minutes\" \/>\n<script type=\"application\/ld+json\" class=\"yoast-schema-graph\">{\"@context\":\"https:\/\/schema.org\",\"@graph\":[{\"@type\":\"WebPage\",\"@id\":\"https:\/\/ehopi.pl\/systemy-zarzadzania-magazynem\/\",\"url\":\"https:\/\/ehopi.pl\/systemy-zarzadzania-magazynem\/\",\"name\":\"Systems - eHopi\",\"isPartOf\":{\"@id\":\"https:\/\/ehopi.pl\/#website\"},\"datePublished\":\"2022-04-26T11:12:15+00:00\",\"dateModified\":\"2025-06-12T10:53:13+00:00\",\"description\":\"Systemy i integracje Hopi to Tw\u00f3j spos\u00f3b na optymalizacj\u0119\u00a0logistyki Twojego biznesu. Poznaj rozwi\u0105zania, kt\u00f3re wspieraj\u0105 ka\u017cdy biznes.\",\"breadcrumb\":{\"@id\":\"https:\/\/ehopi.pl\/systemy-zarzadzania-magazynem\/#breadcrumb\"},\"inLanguage\":\"en-US\",\"potentialAction\":[{\"@type\":\"ReadAction\",\"target\":[\"https:\/\/ehopi.pl\/systemy-zarzadzania-magazynem\/\"]}]},{\"@type\":\"BreadcrumbList\",\"@id\":\"https:\/\/ehopi.pl\/systemy-zarzadzania-magazynem\/#breadcrumb\",\"itemListElement\":[{\"@type\":\"ListItem\",\"position\":1,\"name\":\"Strona g\u0142\u00f3wna\",\"item\":\"https:\/\/ehopi.pl\/\"},{\"@type\":\"ListItem\",\"position\":2,\"name\":\"Systemy zarz\u0105dzania magazynem\"}]},{\"@type\":\"WebSite\",\"@id\":\"https:\/\/ehopi.pl\/#website\",\"url\":\"https:\/\/ehopi.pl\/\",\"name\":\"eHopi\",\"description\":\"Obs\u0142uga logistyczna i fulfillment dla e-commerce\",\"publisher\":{\"@id\":\"https:\/\/ehopi.pl\/#organization\"},\"potentialAction\":[{\"@type\":\"SearchAction\",\"target\":{\"@type\":\"EntryPoint\",\"urlTemplate\":\"https:\/\/ehopi.pl\/?s={search_term_string}\"},\"query-input\":{\"@type\":\"PropertyValueSpecification\",\"valueRequired\":true,\"valueName\":\"search_term_string\"}}],\"inLanguage\":\"en-US\"},{\"@type\":\"Organization\",\"@id\":\"https:\/\/ehopi.pl\/#organization\",\"name\":\"eHopi\",\"url\":\"https:\/\/ehopi.pl\/\",\"logo\":{\"@type\":\"ImageObject\",\"inLanguage\":\"en-US\",\"@id\":\"https:\/\/ehopi.pl\/#\/schema\/logo\/image\/\",\"url\":\"https:\/\/ehopi.pl\/wp-content\/uploads\/2022\/04\/E-hopi-logo-green-1.png\",\"contentUrl\":\"https:\/\/ehopi.pl\/wp-content\/uploads\/2022\/04\/E-hopi-logo-green-1.png\",\"width\":434,\"height\":434,\"caption\":\"eHopi\"},\"image\":{\"@id\":\"https:\/\/ehopi.pl\/#\/schema\/logo\/image\/\"}}]}<\/script>\n<!-- \/ Yoast SEO plugin. -->","yoast_head_json":{"title":"Systems - eHopi","robots":{"index":"index","follow":"follow","max-snippet":"max-snippet:-1","max-image-preview":"max-image-preview:large","max-video-preview":"max-video-preview:-1"},"canonical":"https:\/\/ehopi.pl\/systemy-zarzadzania-magazynem\/","og_locale":"en_US","og_type":"article","og_title":"Systems - eHopi","og_url":"https:\/\/ehopi.pl\/systemy-zarzadzania-magazynem\/","og_site_name":"eHopi","article_modified_time":"2025-06-12T10:53:13+00:00","twitter_card":"summary_large_image","twitter_misc":{"Est. reading time":"3 minutes"},"schema":{"@context":"https:\/\/schema.org","@graph":[{"@type":"WebPage","@id":"https:\/\/ehopi.pl\/systemy-zarzadzania-magazynem\/","url":"https:\/\/ehopi.pl\/systemy-zarzadzania-magazynem\/","name":"Systems - eHopi","isPartOf":{"@id":"https:\/\/ehopi.pl\/#website"},"datePublished":"2022-04-26T11:12:15+00:00","dateModified":"2025-06-12T10:53:13+00:00","description":"Systemy i integracje Hopi to Tw\u00f3j spos\u00f3b na optymalizacj\u0119\u00a0logistyki Twojego biznesu. Poznaj rozwi\u0105zania, kt\u00f3re wspieraj\u0105 ka\u017cdy biznes.","breadcrumb":{"@id":"https:\/\/ehopi.pl\/systemy-zarzadzania-magazynem\/#breadcrumb"},"inLanguage":"en-US","potentialAction":[{"@type":"ReadAction","target":["https:\/\/ehopi.pl\/systemy-zarzadzania-magazynem\/"]}]},{"@type":"BreadcrumbList","@id":"https:\/\/ehopi.pl\/systemy-zarzadzania-magazynem\/#breadcrumb","itemListElement":[{"@type":"ListItem","position":1,"name":"Strona g\u0142\u00f3wna","item":"https:\/\/ehopi.pl\/"},{"@type":"ListItem","position":2,"name":"Systemy zarz\u0105dzania magazynem"}]},{"@type":"WebSite","@id":"https:\/\/ehopi.pl\/#website","url":"https:\/\/ehopi.pl\/","name":"eHopi","description":"Obs\u0142uga logistyczna i fulfillment dla e-commerce","publisher":{"@id":"https:\/\/ehopi.pl\/#organization"},"potentialAction":[{"@type":"SearchAction","target":{"@type":"EntryPoint","urlTemplate":"https:\/\/ehopi.pl\/?s={search_term_string}"},"query-input":{"@type":"PropertyValueSpecification","valueRequired":true,"valueName":"search_term_string"}}],"inLanguage":"en-US"},{"@type":"Organization","@id":"https:\/\/ehopi.pl\/#organization","name":"eHopi","url":"https:\/\/ehopi.pl\/","logo":{"@type":"ImageObject","inLanguage":"en-US","@id":"https:\/\/ehopi.pl\/#\/schema\/logo\/image\/","url":"https:\/\/ehopi.pl\/wp-content\/uploads\/2022\/04\/E-hopi-logo-green-1.png","contentUrl":"https:\/\/ehopi.pl\/wp-content\/uploads\/2022\/04\/E-hopi-logo-green-1.png","width":434,"height":434,"caption":"eHopi"},"image":{"@id":"https:\/\/ehopi.pl\/#\/schema\/logo\/image\/"}}]}},"_links":{"self":[{"href":"https:\/\/ehopi.pl\/en\/wp-json\/wp\/v2\/pages\/12399","targetHints":{"allow":["GET"]}}],"collection":[{"href":"https:\/\/ehopi.pl\/en\/wp-json\/wp\/v2\/pages"}],"about":[{"href":"https:\/\/ehopi.pl\/en\/wp-json\/wp\/v2\/types\/page"}],"author":[{"embeddable":true,"href":"https:\/\/ehopi.pl\/en\/wp-json\/wp\/v2\/users\/6"}],"replies":[{"embeddable":true,"href":"https:\/\/ehopi.pl\/en\/wp-json\/wp\/v2\/comments?post=12399"}],"version-history":[{"count":6,"href":"https:\/\/ehopi.pl\/en\/wp-json\/wp\/v2\/pages\/12399\/revisions"}],"predecessor-version":[{"id":13917,"href":"https:\/\/ehopi.pl\/en\/wp-json\/wp\/v2\/pages\/12399\/revisions\/13917"}],"wp:attachment":[{"href":"https:\/\/ehopi.pl\/en\/wp-json\/wp\/v2\/media?parent=12399"}],"curies":[{"name":"wp","href":"https:\/\/api.w.org\/{rel}","templated":true}]}}