{"id":12883,"date":"2022-05-06T16:56:18","date_gmt":"2022-05-06T14:56:18","guid":{"rendered":"https:\/\/ehopi.pl\/?page_id=12883"},"modified":"2024-10-09T14:43:58","modified_gmt":"2024-10-09T12:43:58","slug":"polityka-plikow-cookies-serwisu-internetowego","status":"publish","type":"page","link":"https:\/\/ehopi.pl\/en\/polityka-plikow-cookies-serwisu-internetowego\/","title":{"rendered":"WEBSITE COOKIES POLICY"},"content":{"rendered":"\r\n<p><strong>I. DEFINICJE<\/strong><\/p>\r\n<ol>\r\n<li>Administrator \u2013 HOPI PL POLAND Sp\u00f3\u0142ka z ograniczon\u0105 odpowiedzialno\u015bci\u0105 z siedzib\u0105 w Warszawie, ul. Marcina Kasprzaka 29A\/917, 01-234 Warszawa, wpisana do Krajowego Rejestru S\u0105dowego przez S\u0105d Rejonowy dla m.st. Warszawy w Warszawie, XIII Wydzia\u0142 Gospodarczy Krajowego Rejestru S\u0105dowego, pod numerem KRS 0000427499, NIP: 5272681413, REGON: 14623350900000, kapita\u0142 zak\u0142adowy 450.000 PLN (w pe\u0142ni op\u0142acony), email: info.pl@hopipl.pl,tel.: +48 22 670 8716.<\/li>\r\n<li>Cookies &#8211; dane informatyczne, niewielkie pliki tekstowe, zapisywane i przechowywane na urz\u0105dzeniach za po\u015brednictwem, kt\u00f3rych U\u017cytkownik korzysta ze strony internetowej Administratora.<\/li>\r\n<li>Urz\u0105dzenie &#8211; elektroniczne urz\u0105dzenie, za po\u015brednictwem kt\u00f3rego U\u017cytkownik uzyskuje dost\u0119p do strony internetowej Administratora.<\/li>\r\n<li>U\u017cytkownik &#8211; oznacza podmiot, na rzecz kt\u00f3rego zgodnie z Regulaminem i przepisami prawa mog\u0105 by\u0107 \u015bwiadczone us\u0142ugi drog\u0105 elektroniczn\u0105 lub z kt\u00f3rym zawarta mo\u017ce by\u0107 Umowa o \u015bwiadczenie us\u0142ug drog\u0105 elektroniczn\u0105.<\/li>\r\n<\/ol>\r\n<p>&nbsp;<\/p>\r\n<p><strong>II. STOSOWANIE PLIK\u00d3W COOKIES<\/strong><\/p>\r\n<ol>\r\n<li>Administrator za po\u015brednictwem strony internetowej wykorzystuje pliki Cookies.<\/li>\r\n<li>Informacje zgromadzone na podstawie plik\u00f3w Cookies wykorzystywane s\u0105 w celach w\u0142a\u015bciwej optymalizacji dzia\u0142ania strony internetowej, a tak\u017ce w celach statystycznych oraz reklamowych.<\/li>\r\n<li>Pliki Cookies rejestruj\u0105 aktywno\u015b\u0107 U\u017cytkownika strony internetowej rozpoznaj\u0105c urz\u0105dzenie, dzi\u0119ki czemu strona internetowa wy\u015bwietlana jest w spos\u00f3b zoptymalizowany do indywidualnych preferencji U\u017cytkownika.<\/li>\r\n<li>Stosowane na stronie internetowej rozwi\u0105zania s\u0105 bezpieczne dla urz\u0105dze\u0144 U\u017cytkownik\u00f3w korzystaj\u0105cych ze strony internetowej Administratora. Nie jest mo\u017cliwe przedostanie si\u0119 do urz\u0105dze\u0144 U\u017cytkownik\u00f3w niebezpiecznego lub z\u0142o\u015bliwego oprogramowania.<\/li>\r\n<li>Administrator wykorzystuje dwa typy plik\u00f3w Cookies:\r\n<ul>\r\n<li>a) Cookies sesyjne: to pliki, kt\u00f3re s\u0105 przechowywane na urz\u0105dzeniu U\u017cytkownika i pozostaj\u0105 tam do momentu zako\u0144czenia sesji danej przegl\u0105darki. Zapisane informacje s\u0105 w\u00f3wczas trwale usuwane z pami\u0119ci Urz\u0105dzenia. Mechanizm Cookies sesyjnych nie pozwala na pobieranie jakichkolwiek danych osobowych ani \u017cadnych informacji poufnych z urz\u0105dzenia U\u017cytkownika.<\/li>\r\n<li>b) Cookies trwa\u0142e: s\u0105 przechowywane na urz\u0105dzeniu U\u017cytkownika i pozostaj\u0105 tam do momentu ich skasowania. Zako\u0144czenie sesji danej przegl\u0105darki lub wy\u0142\u0105czenie Urz\u0105dzenia nie powoduje ich usuni\u0119cia z urz\u0105dzenia. Mechanizm Cookies trwa\u0142ych nie pozwala na pobieranie jakichkolwiek danych osobowych ani \u017cadnych informacji poufnych z urz\u0105dzenia U\u017cytkownika.<\/li>\r\n<\/ul>\r\n<\/li>\r\n<\/ol>\r\n<p>&nbsp;<\/p>\r\n<p><strong>III. SPOSOBY OKRE\u015aLENIA WARUNK\u00d3W PRZECHOWYWANIA LUB UZYSKIWANIA DOST\u0118P\u00d3W DO COOKIES<\/strong><\/p>\r\n<ol>\r\n<li>U\u017cytkownik ma mo\u017cliwo\u015b\u0107 ograniczenia lub wy\u0142\u0105czenia dost\u0119pu plik\u00f3w Cookies do swojego urz\u0105dzenia. W przypadku skorzystania z tej opcji korzystanie ze Serwisu b\u0119dzie mo\u017cliwe, poza funkcjami, kt\u00f3re ze swojej natury wymagaj\u0105 plik\u00f3w Cookies.<\/li>\r\n<li>U\u017cytkownik mo\u017ce samodzielnie i w ka\u017cdym czasie zmieni\u0107 ustawienia dotycz\u0105ce plik\u00f3w Cookies, okre\u015blaj\u0105c warunki ich przechowywania i uzyskiwania dost\u0119pu przez pliki Cookies do urz\u0105dzenia U\u017cytkownika. Zmiany ustawie\u0144, o kt\u00f3rych mowa powy\u017cej, U\u017cytkownik mo\u017ce dokona\u0107 za pomoc\u0105 ustawie\u0144 przegl\u0105darki internetowej lub za pomoc\u0105 konfiguracji us\u0142ugi. Ustawienia te mog\u0105 zosta\u0107 zmienione w szczeg\u00f3lno\u015bci w taki spos\u00f3b, aby blokowa\u0107 automatyczn\u0105 obs\u0142ug\u0119 plik\u00f3w Cookies w ustawieniach przegl\u0105darki internetowej b\u0105d\u017a informowa\u0107 o ich ka\u017cdorazowym zamieszczeniu Cookies na urz\u0105dzeniu. Szczeg\u00f3\u0142owe informacje o mo\u017cliwo\u015bci i sposobach obs\u0142ugi plik\u00f3w Cookies dost\u0119pne s\u0105 w ustawieniach oprogramowania (przegl\u0105darki internetowej).<\/li>\r\n<li>U\u017cytkownik mo\u017ce w ka\u017cdej chwili usun\u0105\u0107 pliki Cookies korzystaj\u0105c z dost\u0119pnych funkcji w przegl\u0105darce internetowej, kt\u00f3rej u\u017cywa.<\/li>\r\n<li>Ograniczenie stosowania plik\u00f3w Cookies, mo\u017ce wp\u0142yn\u0105\u0107 na niekt\u00f3re funkcjonalno\u015bci dost\u0119pne na stronie internetowej Administratora.<\/li>\r\n<\/ol>\r\n<p>&nbsp;<\/p>\r\n<p>&nbsp;<\/p>","protected":false},"excerpt":{"rendered":"<p>I. DEFINICJE Administrator \u2013 HOPI PL POLAND Sp\u00f3\u0142ka z ograniczon\u0105 odpowiedzialno\u015bci\u0105 z siedzib\u0105 w Warszawie, ul. Marcina Kasprzaka 29A\/917, 01-234 Warszawa, wpisana do Krajowego Rejestru [&hellip;]<\/p>\n","protected":false},"author":6,"featured_media":0,"parent":0,"menu_order":0,"comment_status":"closed","ping_status":"closed","template":"","meta":{"inline_featured_image":false,"footnotes":""},"class_list":["post-12883","page","type-page","status-publish","hentry"],"translation":{"provider":"WPGlobus","version":"3.0.1","language":"en","enabled_languages":["pl","en"],"languages":{"pl":{"title":true,"content":true,"excerpt":false},"en":{"title":true,"content":true,"excerpt":false}}},"yoast_head":"<!-- This site is optimized with the Yoast SEO plugin v26.8 - https:\/\/yoast.com\/product\/yoast-seo-wordpress\/ -->\n<title>WEBSITE COOKIES POLICY - eHopi<\/title>\n<meta name=\"description\" content=\"Check our website cookies policy.\" \/>\n<meta name=\"robots\" content=\"noindex, nofollow\" \/>\n<meta property=\"og:locale\" content=\"en_US\" \/>\n<meta property=\"og:type\" content=\"article\" \/>\n<meta property=\"og:title\" content=\"WEBSITE COOKIES POLICY - eHopi\" \/>\n<meta property=\"og:description\" content=\"Check our website cookies policy.\" \/>\n<meta property=\"og:url\" content=\"https:\/\/ehopi.pl\/polityka-plikow-cookies-serwisu-internetowego\/\" \/>\n<meta property=\"og:site_name\" content=\"eHopi\" \/>\n<meta property=\"article:modified_time\" content=\"2024-10-09T12:43:58+00:00\" \/>\n<meta name=\"twitter:card\" content=\"summary_large_image\" \/>\n<meta name=\"twitter:label1\" content=\"Est. reading time\" \/>\n\t<meta name=\"twitter:data1\" content=\"3 minutes\" \/>\n<script type=\"application\/ld+json\" class=\"yoast-schema-graph\">{\"@context\":\"https:\/\/schema.org\",\"@graph\":[{\"@type\":\"WebPage\",\"@id\":\"https:\/\/ehopi.pl\/polityka-plikow-cookies-serwisu-internetowego\/\",\"url\":\"https:\/\/ehopi.pl\/polityka-plikow-cookies-serwisu-internetowego\/\",\"name\":\"WEBSITE COOKIES POLICY - eHopi\",\"isPartOf\":{\"@id\":\"https:\/\/ehopi.pl\/#website\"},\"datePublished\":\"2022-05-06T14:56:18+00:00\",\"dateModified\":\"2024-10-09T12:43:58+00:00\",\"breadcrumb\":{\"@id\":\"https:\/\/ehopi.pl\/polityka-plikow-cookies-serwisu-internetowego\/#breadcrumb\"},\"inLanguage\":\"en-US\",\"potentialAction\":[{\"@type\":\"ReadAction\",\"target\":[\"https:\/\/ehopi.pl\/polityka-plikow-cookies-serwisu-internetowego\/\"]}]},{\"@type\":\"BreadcrumbList\",\"@id\":\"https:\/\/ehopi.pl\/polityka-plikow-cookies-serwisu-internetowego\/#breadcrumb\",\"itemListElement\":[{\"@type\":\"ListItem\",\"position\":1,\"name\":\"Strona g\u0142\u00f3wna\",\"item\":\"https:\/\/ehopi.pl\/\"},{\"@type\":\"ListItem\",\"position\":2,\"name\":\"POLITYKA PLIK\u00d3W COOKIES SERWISU INTERNETOWEGO\"}]},{\"@type\":\"WebSite\",\"@id\":\"https:\/\/ehopi.pl\/#website\",\"url\":\"https:\/\/ehopi.pl\/\",\"name\":\"eHopi\",\"description\":\"Obs\u0142uga logistyczna i fulfillment dla e-commerce\",\"publisher\":{\"@id\":\"https:\/\/ehopi.pl\/#organization\"},\"potentialAction\":[{\"@type\":\"SearchAction\",\"target\":{\"@type\":\"EntryPoint\",\"urlTemplate\":\"https:\/\/ehopi.pl\/?s={search_term_string}\"},\"query-input\":{\"@type\":\"PropertyValueSpecification\",\"valueRequired\":true,\"valueName\":\"search_term_string\"}}],\"inLanguage\":\"en-US\"},{\"@type\":\"Organization\",\"@id\":\"https:\/\/ehopi.pl\/#organization\",\"name\":\"eHopi\",\"url\":\"https:\/\/ehopi.pl\/\",\"logo\":{\"@type\":\"ImageObject\",\"inLanguage\":\"en-US\",\"@id\":\"https:\/\/ehopi.pl\/#\/schema\/logo\/image\/\",\"url\":\"https:\/\/ehopi.pl\/wp-content\/uploads\/2022\/04\/E-hopi-logo-green-1.png\",\"contentUrl\":\"https:\/\/ehopi.pl\/wp-content\/uploads\/2022\/04\/E-hopi-logo-green-1.png\",\"width\":434,\"height\":434,\"caption\":\"eHopi\"},\"image\":{\"@id\":\"https:\/\/ehopi.pl\/#\/schema\/logo\/image\/\"}}]}<\/script>\n<!-- \/ Yoast SEO plugin. -->","yoast_head_json":{"title":"WEBSITE COOKIES POLICY - eHopi","description":"Check our website cookies policy.","robots":{"index":"noindex","follow":"nofollow"},"og_locale":"en_US","og_type":"article","og_title":"WEBSITE COOKIES POLICY - eHopi","og_description":"Check our website cookies policy.","og_url":"https:\/\/ehopi.pl\/polityka-plikow-cookies-serwisu-internetowego\/","og_site_name":"eHopi","article_modified_time":"2024-10-09T12:43:58+00:00","twitter_card":"summary_large_image","twitter_misc":{"Est. reading time":"3 minutes"},"schema":{"@context":"https:\/\/schema.org","@graph":[{"@type":"WebPage","@id":"https:\/\/ehopi.pl\/polityka-plikow-cookies-serwisu-internetowego\/","url":"https:\/\/ehopi.pl\/polityka-plikow-cookies-serwisu-internetowego\/","name":"WEBSITE COOKIES POLICY - eHopi","isPartOf":{"@id":"https:\/\/ehopi.pl\/#website"},"datePublished":"2022-05-06T14:56:18+00:00","dateModified":"2024-10-09T12:43:58+00:00","breadcrumb":{"@id":"https:\/\/ehopi.pl\/polityka-plikow-cookies-serwisu-internetowego\/#breadcrumb"},"inLanguage":"en-US","potentialAction":[{"@type":"ReadAction","target":["https:\/\/ehopi.pl\/polityka-plikow-cookies-serwisu-internetowego\/"]}]},{"@type":"BreadcrumbList","@id":"https:\/\/ehopi.pl\/polityka-plikow-cookies-serwisu-internetowego\/#breadcrumb","itemListElement":[{"@type":"ListItem","position":1,"name":"Strona g\u0142\u00f3wna","item":"https:\/\/ehopi.pl\/"},{"@type":"ListItem","position":2,"name":"POLITYKA PLIK\u00d3W COOKIES SERWISU INTERNETOWEGO"}]},{"@type":"WebSite","@id":"https:\/\/ehopi.pl\/#website","url":"https:\/\/ehopi.pl\/","name":"eHopi","description":"Obs\u0142uga logistyczna i fulfillment dla e-commerce","publisher":{"@id":"https:\/\/ehopi.pl\/#organization"},"potentialAction":[{"@type":"SearchAction","target":{"@type":"EntryPoint","urlTemplate":"https:\/\/ehopi.pl\/?s={search_term_string}"},"query-input":{"@type":"PropertyValueSpecification","valueRequired":true,"valueName":"search_term_string"}}],"inLanguage":"en-US"},{"@type":"Organization","@id":"https:\/\/ehopi.pl\/#organization","name":"eHopi","url":"https:\/\/ehopi.pl\/","logo":{"@type":"ImageObject","inLanguage":"en-US","@id":"https:\/\/ehopi.pl\/#\/schema\/logo\/image\/","url":"https:\/\/ehopi.pl\/wp-content\/uploads\/2022\/04\/E-hopi-logo-green-1.png","contentUrl":"https:\/\/ehopi.pl\/wp-content\/uploads\/2022\/04\/E-hopi-logo-green-1.png","width":434,"height":434,"caption":"eHopi"},"image":{"@id":"https:\/\/ehopi.pl\/#\/schema\/logo\/image\/"}}]}},"_links":{"self":[{"href":"https:\/\/ehopi.pl\/en\/wp-json\/wp\/v2\/pages\/12883","targetHints":{"allow":["GET"]}}],"collection":[{"href":"https:\/\/ehopi.pl\/en\/wp-json\/wp\/v2\/pages"}],"about":[{"href":"https:\/\/ehopi.pl\/en\/wp-json\/wp\/v2\/types\/page"}],"author":[{"embeddable":true,"href":"https:\/\/ehopi.pl\/en\/wp-json\/wp\/v2\/users\/6"}],"replies":[{"embeddable":true,"href":"https:\/\/ehopi.pl\/en\/wp-json\/wp\/v2\/comments?post=12883"}],"version-history":[{"count":3,"href":"https:\/\/ehopi.pl\/en\/wp-json\/wp\/v2\/pages\/12883\/revisions"}],"predecessor-version":[{"id":13508,"href":"https:\/\/ehopi.pl\/en\/wp-json\/wp\/v2\/pages\/12883\/revisions\/13508"}],"wp:attachment":[{"href":"https:\/\/ehopi.pl\/en\/wp-json\/wp\/v2\/media?parent=12883"}],"curies":[{"name":"wp","href":"https:\/\/api.w.org\/{rel}","templated":true}]}}