{"id":13629,"date":"2024-06-26T10:13:40","date_gmt":"2024-06-26T08:13:40","guid":{"rendered":"https:\/\/ehopi.pl\/?page_id=13629"},"modified":"2024-10-09T14:45:31","modified_gmt":"2024-10-09T12:45:31","slug":"klauzula-informacyjna-dla-klientow-i-kontrahentow","status":"publish","type":"page","link":"https:\/\/ehopi.pl\/en\/klauzula-informacyjna-dla-klientow-i-kontrahentow\/","title":{"rendered":"Klauzula informacyjna dla kliento\u0301w i kontrahento\u0301w"},"content":{"rendered":"<div class=\"wpb-content-wrapper\"><p>[vc_section css=&#8221;.vc_custom_1719388942021{margin-top: 200px !important;margin-bottom: 100px !important;}&#8221;][vc_row][vc_column]<div id=\"ins-heading-69d6371d1443b\" class=\"inv-section-heading-wrapper text-center position-relative   vc_custom_1719390224791\"><div class=\"inv-section-heading-title padding-15px-bottom\"><h1 style=\"color: #343434\"  class=\"ins-section-heading-title-inner no-margin  font-weight-700\">Klauzula Informacyjna Administratora Danych Osobowych<\/h1><\/div><div style=\"background-color: #343434\" class=\"inv-section-heading-separator\"><!--separator--><\/div><\/div><script type=\"text\/javascript\">\n\t\t(function(jQuery) {jQuery(\"head\").append(\"<style>#ins-heading-69d6371d1443b .ins-section-heading-title-inner {font-size: 44pxpx; line-height:54px;}<\/style>\")\n\t\t\t\t\t})(jQuery);\n\t\t\t\t\t\t<\/script>[vc_column_text]<\/p>\n<ol>\n<li>HOPI PL POLAND Sp\u00f3\u0142ka z ograniczon\u0105 odpowiedzialno\u015bci\u0105, z siedzib\u0105 w Warszawie, ul. Marcina Kasprzaka 29A\/917, 01-234 Warszawa, wpisana do Krajowego Rejestru S\u0105dowego przez S\u0105d Rejonowy Dla m.st. Warszawy W Warszawie, XIII Wydzia\u0142 Gospodarczy Krajowego Rejestru S\u0105dowego, pod numerem KRS 0000427499, NIP: 5272681413, REGON: 14623350900000, kapita\u0142 zak\u0142adowy 450.000 PLN (w pe\u0142ni op\u0142acony), email: hr@hopipl.pl, tel.: +48 22 670 8716 (zw. dalej jako Administrator Danych Osobowych) jest administratorem danych osobowych os\u00f3b korzystaj\u0105cych z us\u0142ug naszej firmy (zwanych dalej <strong>Klientami<\/strong>).<\/li>\n<li>Wszelkie zapytania, wnioski, skargi dotycz\u0105ce przetwarzania danych osobowych przez nasz\u0105 firm\u0119 (Administratora Danych Osobowych), zwane dalej <strong>Zg\u0142oszeniami<\/strong>, nale\u017cy kierowa\u0107 na nast\u0119puj\u0105cy adres email hr@hopipl.pl, lub w formie pisemnej na adres lub w formie pisemnej na adres HOPI PL POLAND Sp\u00f3\u0142ka z ograniczon\u0105 odpowiedzialno\u015bci\u0105 z siedzib\u0105 w Warszawie; adres: ul. Marcina Kasprzaka 29A\/917, 01-234 Warszawa. W tre\u015bci Zg\u0142oszenia nale\u017cy w spos\u00f3b wyra\u017any wskaza\u0107:\n<ol type=\"a\">\n<li>dane osoby lub os\u00f3b, kt\u00f3rych dotyczy Zg\u0142oszenie,<\/li>\n<li>zdarzenie, kt\u00f3re jest powodem Zg\u0142oszenia,<\/li>\n<li>przedstawi\u0107 swoje \u017c\u0105dania oraz podstaw\u0119 prawn\u0105 tych \u017c\u0105da\u0144,<\/li>\n<li>wskaza\u0107 oczekiwany spos\u00f3b za\u0142atwienia sprawy.<\/li>\n<\/ol>\n<\/li>\n<li>Dane osobowe Klient\u00f3w przetwarzane s\u0105 przez Administratora Danych Osobowych w celu realizacji us\u0142ug i um\u00f3w zawartych na rzecz os\u00f3b kt\u00f3rych dane dotycz\u0105. Podstaw\u0105 przetwarzania danych jest:\n<ol type=\"a\">\n<li>art. 6 ust. 1 lit. b) (Rozporz\u0105dzenia Parlamentu Europejskiego i Rady (UE) 2016\/679 z dnia 27 kwietnia 2016 r. w sprawie ochrony os\u00f3b fizycznych w zwi\u0105zku z przetwarzaniem danych osobowych i w sprawie swobodnego przep\u0142ywu takich danych oraz uchylenia dyrektywy 95\/46\/WE (zwanego dalej RODO).<\/li>\n<li>art. 6 ust. 1 lit. f RODO \u2013 podstawa prawna przetwarzania danych osobowych w przypadku ewentualnego dochodzenia roszcze\u0144 i obrony przed roszczeniami, kt\u00f3re stanowi\u0105 prawnie uzasadnione interesy Administratora Danych Osobowych.<\/li>\n<li>art. 6 ust. 1 lit. a) RODO \u2013 podstawa prawna przetwarzania danych osobowych w przypadku ewentualnego wyra\u017cenia zgody na otrzymywanie Newslettera lub informacji handlowych\/marketingowych<\/li>\n<\/ol>\n<\/li>\n<li>Zgodnie z zasad\u0105 minimalizacji wyra\u017con\u0105 w RODO przetwarzamy wy\u0142\u0105cznie te kategorie danych osobowych, kt\u00f3re s\u0105 niezb\u0119dne do osi\u0105gni\u0119cia cel\u00f3w, o kt\u00f3rych mowa w punkcie poprzedzaj\u0105cym. Podanie danych osobowych jest niezb\u0119dne do realizacji Umowy, w zwi\u0105zku z czym w razie korzystania z us\u0142ug Administratora Danych s\u0105 Pa\u0144stwo zobowi\u0105zani do ich podania, a konsekwencj\u0105 niepodania danych osobowych b\u0119dzie brak mo\u017cliwo\u015bci wykonania us\u0142ugi. Administrator Danych przetwarza nast\u0119puj\u0105ce kategorie danych osobowych: dane identyfikuj\u0105ce (imi\u0119 i nazwisko oraz numer identyfikacji podatkowej NIP w przypadku przedsi\u0119biorc\u00f3w), dane adresowe, tj. adres zamieszkania\/prowadzenia dzia\u0142alno\u015bci (dot. Przedsi\u0119biorc\u00f3w, b\u0119d\u0105cych kontrahentami Administratora Danych), dane kontaktowe (adres email, numer telefonu).<\/li>\n<li>Pa\u0144stwa dane osobowe b\u0119d\u0105 przechowywane przez okres niezb\u0119dny do realizacji us\u0142ug na Pa\u0144stwa rzecz. Po ich wykonaniu dane osobowe s\u0105 przechowywane wy\u0142\u0105cznie w zakresie wymaganym przez przepisy prawa, w szczeg\u00f3lno\u015bci w zakresie prawa podatkowego (przechowywanie faktur \u2013 5 lat licz\u0105c od dnia ko\u0144ca roku kalendarzowego, w kt\u00f3rym up\u0142yn\u0105\u0142 termin p\u0142atno\u015bci podatku). Ponadto po zako\u0144czeniu umowy zawartej z Administratorem, dane osobowe klienta\/kontrahenta przechowywane s\u0105 przez okres przewidziany dla przedawnienia roszcze\u0144, przy czym w przypadku danych osobowych przetwarzanych w oparciu o art. 6 ust. 1 lit. a) RODO dane osobowe przetwarzane s\u0105 do czasu cofni\u0119cia zgody na przetwarzanie danych osobowych.<\/li>\n<li>\u0179r\u00f3d\u0142em przetwarzanych przez Administratora Danych Osobowych s\u0105 osoby, kt\u00f3rych dane dotycz\u0105. Pa\u0144stwa dane osobowe nie s\u0105 przekazywane do pa\u0144stwa trzeciego w rozumieniu przepis\u00f3w RODO. \u017badnych osobowych nie udost\u0119pniamy podmiotom trzecim, bez wyra\u017anej zgody osoby, kt\u00f3rej dane dotycz\u0105. Dane osobowe bez zgody osoby, kt\u00f3rej dane dotycz\u0105, mog\u0105 by\u0107 udost\u0119pniane wy\u0142\u0105cznie podmiotom prawa publicznego tj. organom w\u0142adzy i administracji i innym podmiotom posiadaj\u0105cym umocowanie w powszechnie obowi\u0105zuj\u0105cych przepisach prawa.<\/li>\n<li>Dane osobowe mog\u0105 by\u0107 powierzane do przetwarzania podmiotom przetwarzaj\u0105cym. W takiej sytuacji jako Administrator Danych Osobowych zawieramy z podmiotem przetwarzaj\u0105cym umow\u0119 powierzenia przetwarzania danych osobowych. Administrator danych powierzy\u0142 do przetwarzania dane osobowe swoich klient\u00f3w firmie hostingowej, kancelarii prawnej (w razie dochodzenia lub obrony przed roszczeniami, udzia\u0142u w opiniowaniu um\u00f3w, negocjacjach), bieg\u0142ym rewidentom badaj\u0105cym sprawozdania finansowe, dostawcom system\u00f3w teleinformatycznych.<\/li>\n<li>Dane osobowe nie podlegaj\u0105 profilowaniu w rozumieniu RODO przez Administratora Danych Osobowych oraz nie podlegaj\u0105 oraz nie podlegaj\u0105 zautomatyzowanemu procesowi podejmowaniu decyzji.<\/li>\n<li>Zgodnie z przepisami RODO ka\u017cda osoba, kt\u00f3rej dane osobowe przetwarzamy ma prawo do:\n<ol type=\"a\">\n<li><strong>do bycia informowanym o przetwarzaniu danych osobowych,<\/strong><\/li>\n<li><strong>dost\u0119pu do swoich danych osobowych,<\/strong><\/li>\n<li><strong>poprawiania, uzupe\u0142niania, uaktualniania, sprostowania danych osobowych,<\/strong><\/li>\n<li><strong>usuni\u0119cia danych (prawo do bycia zapomnianym),<\/strong><\/li>\n<li><strong>ograniczenia przetwarzania,<\/strong><\/li>\n<li><strong>przenoszenia danych,<\/strong><\/li>\n<li><strong>wniesienia sprzeciwu od przetwarzania danych osobowych,<\/strong><\/li>\n<li><strong>nie podlegania profilowaniu,<\/strong><\/li>\n<li><strong>wniesienia skargi do organu nadzorczego<\/strong> (tj. do Prezesa Urz\u0119du Ochrony Danych Osobowych) Dane adresowe UODO: ul. Stawki 2, 00-193 Warszawa<\/li>\n<\/ol>\n<\/li>\n<li>Szczeg\u00f3\u0142owy zakres, zasady i warunki realizacji w\/w. praw okre\u015blaj\u0105 przepisy art. 15, 16, 17, 18, 20, 21 i 77 RODO. Je\u017celi chc\u0105 Pa\u0144stwo skorzysta\u0107 ze swoich praw, o kt\u00f3rych mowa powy\u017cej, prosz\u0119 przes\u0142a\u0107 wiadomo\u015b\u0107 drog\u0105 poczty elektronicznej adres e-mail: hr@hopipl.pl lub skontaktowa\u0107 si\u0119 z Administratorem Danych Osobowych.<\/li>\n<li>Administrator Danych Osobowych informuje ponadto, \u017ce powo\u0142a\u0142 o Inspektora Ochrony Danych. Kontakt do Inspektora Ochrony Danych: Karol Zaczek +791083441, email: karol.zaczek@regido.pl.<\/li>\n<\/ol>\n<p>[\/vc_column_text][\/vc_column][\/vc_row][\/vc_section]<\/p>\n<\/div>","protected":false},"excerpt":{"rendered":"<p>[vc_section css=&#8221;.vc_custom_1719388942021{margin-top: 200px !important;margin-bottom: 100px !important;}&#8221;][vc_row][vc_column][vc_column_text] HOPI PL POLAND Sp\u00f3\u0142ka z ograniczon\u0105 odpowiedzialno\u015bci\u0105, z siedzib\u0105 w Warszawie, ul. Marcina Kasprzaka 29A\/917, 01-234 Warszawa, wpisana do [&hellip;]<\/p>\n","protected":false},"author":6,"featured_media":0,"parent":0,"menu_order":0,"comment_status":"closed","ping_status":"closed","template":"","meta":{"inline_featured_image":false,"footnotes":""},"class_list":["post-13629","page","type-page","status-publish","hentry"],"translation":{"provider":"WPGlobus","version":"3.0.1","language":"en","enabled_languages":["pl","en"],"languages":{"pl":{"title":true,"content":true,"excerpt":false},"en":{"title":false,"content":false,"excerpt":false}}},"yoast_head":"<!-- This site is optimized with the Yoast SEO plugin v26.8 - https:\/\/yoast.com\/product\/yoast-seo-wordpress\/ -->\n<title>Klauzula informacyjna dla kliento\u0301w i kontrahento\u0301w - eHopi<\/title>\n<meta name=\"robots\" content=\"noindex, nofollow\" \/>\n<meta property=\"og:locale\" content=\"en_US\" \/>\n<meta property=\"og:type\" content=\"article\" \/>\n<meta property=\"og:title\" content=\"Klauzula informacyjna dla kliento\u0301w i kontrahento\u0301w - eHopi\" \/>\n<meta property=\"og:url\" content=\"https:\/\/ehopi.pl\/klauzula-informacyjna-dla-klientow-i-kontrahentow\/\" \/>\n<meta property=\"og:site_name\" content=\"eHopi\" \/>\n<meta property=\"article:modified_time\" content=\"2024-10-09T12:45:31+00:00\" \/>\n<meta name=\"twitter:card\" content=\"summary_large_image\" \/>\n<meta name=\"twitter:label1\" content=\"Est. reading time\" \/>\n\t<meta name=\"twitter:data1\" content=\"5 minutes\" \/>\n<script type=\"application\/ld+json\" class=\"yoast-schema-graph\">{\"@context\":\"https:\/\/schema.org\",\"@graph\":[{\"@type\":\"WebPage\",\"@id\":\"https:\/\/ehopi.pl\/klauzula-informacyjna-dla-klientow-i-kontrahentow\/\",\"url\":\"https:\/\/ehopi.pl\/klauzula-informacyjna-dla-klientow-i-kontrahentow\/\",\"name\":\"Klauzula informacyjna dla kliento\u0301w i kontrahento\u0301w - eHopi\",\"isPartOf\":{\"@id\":\"https:\/\/ehopi.pl\/#website\"},\"datePublished\":\"2024-06-26T08:13:40+00:00\",\"dateModified\":\"2024-10-09T12:45:31+00:00\",\"breadcrumb\":{\"@id\":\"https:\/\/ehopi.pl\/klauzula-informacyjna-dla-klientow-i-kontrahentow\/#breadcrumb\"},\"inLanguage\":\"en-US\",\"potentialAction\":[{\"@type\":\"ReadAction\",\"target\":[\"https:\/\/ehopi.pl\/klauzula-informacyjna-dla-klientow-i-kontrahentow\/\"]}]},{\"@type\":\"BreadcrumbList\",\"@id\":\"https:\/\/ehopi.pl\/klauzula-informacyjna-dla-klientow-i-kontrahentow\/#breadcrumb\",\"itemListElement\":[{\"@type\":\"ListItem\",\"position\":1,\"name\":\"Strona g\u0142\u00f3wna\",\"item\":\"https:\/\/ehopi.pl\/\"},{\"@type\":\"ListItem\",\"position\":2,\"name\":\"Klauzula informacyjna dla kliento\u0301w i kontrahento\u0301w\"}]},{\"@type\":\"WebSite\",\"@id\":\"https:\/\/ehopi.pl\/#website\",\"url\":\"https:\/\/ehopi.pl\/\",\"name\":\"eHopi\",\"description\":\"Obs\u0142uga logistyczna i fulfillment dla e-commerce\",\"publisher\":{\"@id\":\"https:\/\/ehopi.pl\/#organization\"},\"potentialAction\":[{\"@type\":\"SearchAction\",\"target\":{\"@type\":\"EntryPoint\",\"urlTemplate\":\"https:\/\/ehopi.pl\/?s={search_term_string}\"},\"query-input\":{\"@type\":\"PropertyValueSpecification\",\"valueRequired\":true,\"valueName\":\"search_term_string\"}}],\"inLanguage\":\"en-US\"},{\"@type\":\"Organization\",\"@id\":\"https:\/\/ehopi.pl\/#organization\",\"name\":\"eHopi\",\"url\":\"https:\/\/ehopi.pl\/\",\"logo\":{\"@type\":\"ImageObject\",\"inLanguage\":\"en-US\",\"@id\":\"https:\/\/ehopi.pl\/#\/schema\/logo\/image\/\",\"url\":\"https:\/\/ehopi.pl\/wp-content\/uploads\/2022\/04\/E-hopi-logo-green-1.png\",\"contentUrl\":\"https:\/\/ehopi.pl\/wp-content\/uploads\/2022\/04\/E-hopi-logo-green-1.png\",\"width\":434,\"height\":434,\"caption\":\"eHopi\"},\"image\":{\"@id\":\"https:\/\/ehopi.pl\/#\/schema\/logo\/image\/\"}}]}<\/script>\n<!-- \/ Yoast SEO plugin. -->","yoast_head_json":{"title":"Klauzula informacyjna dla kliento\u0301w i kontrahento\u0301w - eHopi","robots":{"index":"noindex","follow":"nofollow"},"og_locale":"en_US","og_type":"article","og_title":"Klauzula informacyjna dla kliento\u0301w i kontrahento\u0301w - eHopi","og_url":"https:\/\/ehopi.pl\/klauzula-informacyjna-dla-klientow-i-kontrahentow\/","og_site_name":"eHopi","article_modified_time":"2024-10-09T12:45:31+00:00","twitter_card":"summary_large_image","twitter_misc":{"Est. reading time":"5 minutes"},"schema":{"@context":"https:\/\/schema.org","@graph":[{"@type":"WebPage","@id":"https:\/\/ehopi.pl\/klauzula-informacyjna-dla-klientow-i-kontrahentow\/","url":"https:\/\/ehopi.pl\/klauzula-informacyjna-dla-klientow-i-kontrahentow\/","name":"Klauzula informacyjna dla kliento\u0301w i kontrahento\u0301w - eHopi","isPartOf":{"@id":"https:\/\/ehopi.pl\/#website"},"datePublished":"2024-06-26T08:13:40+00:00","dateModified":"2024-10-09T12:45:31+00:00","breadcrumb":{"@id":"https:\/\/ehopi.pl\/klauzula-informacyjna-dla-klientow-i-kontrahentow\/#breadcrumb"},"inLanguage":"en-US","potentialAction":[{"@type":"ReadAction","target":["https:\/\/ehopi.pl\/klauzula-informacyjna-dla-klientow-i-kontrahentow\/"]}]},{"@type":"BreadcrumbList","@id":"https:\/\/ehopi.pl\/klauzula-informacyjna-dla-klientow-i-kontrahentow\/#breadcrumb","itemListElement":[{"@type":"ListItem","position":1,"name":"Strona g\u0142\u00f3wna","item":"https:\/\/ehopi.pl\/"},{"@type":"ListItem","position":2,"name":"Klauzula informacyjna dla kliento\u0301w i kontrahento\u0301w"}]},{"@type":"WebSite","@id":"https:\/\/ehopi.pl\/#website","url":"https:\/\/ehopi.pl\/","name":"eHopi","description":"Obs\u0142uga logistyczna i fulfillment dla e-commerce","publisher":{"@id":"https:\/\/ehopi.pl\/#organization"},"potentialAction":[{"@type":"SearchAction","target":{"@type":"EntryPoint","urlTemplate":"https:\/\/ehopi.pl\/?s={search_term_string}"},"query-input":{"@type":"PropertyValueSpecification","valueRequired":true,"valueName":"search_term_string"}}],"inLanguage":"en-US"},{"@type":"Organization","@id":"https:\/\/ehopi.pl\/#organization","name":"eHopi","url":"https:\/\/ehopi.pl\/","logo":{"@type":"ImageObject","inLanguage":"en-US","@id":"https:\/\/ehopi.pl\/#\/schema\/logo\/image\/","url":"https:\/\/ehopi.pl\/wp-content\/uploads\/2022\/04\/E-hopi-logo-green-1.png","contentUrl":"https:\/\/ehopi.pl\/wp-content\/uploads\/2022\/04\/E-hopi-logo-green-1.png","width":434,"height":434,"caption":"eHopi"},"image":{"@id":"https:\/\/ehopi.pl\/#\/schema\/logo\/image\/"}}]}},"_links":{"self":[{"href":"https:\/\/ehopi.pl\/en\/wp-json\/wp\/v2\/pages\/13629","targetHints":{"allow":["GET"]}}],"collection":[{"href":"https:\/\/ehopi.pl\/en\/wp-json\/wp\/v2\/pages"}],"about":[{"href":"https:\/\/ehopi.pl\/en\/wp-json\/wp\/v2\/types\/page"}],"author":[{"embeddable":true,"href":"https:\/\/ehopi.pl\/en\/wp-json\/wp\/v2\/users\/6"}],"replies":[{"embeddable":true,"href":"https:\/\/ehopi.pl\/en\/wp-json\/wp\/v2\/comments?post=13629"}],"version-history":[{"count":4,"href":"https:\/\/ehopi.pl\/en\/wp-json\/wp\/v2\/pages\/13629\/revisions"}],"predecessor-version":[{"id":13635,"href":"https:\/\/ehopi.pl\/en\/wp-json\/wp\/v2\/pages\/13629\/revisions\/13635"}],"wp:attachment":[{"href":"https:\/\/ehopi.pl\/en\/wp-json\/wp\/v2\/media?parent=13629"}],"curies":[{"name":"wp","href":"https:\/\/api.w.org\/{rel}","templated":true}]}}